{"id":4029,"date":"2019-04-27T08:21:12","date_gmt":"2019-04-27T07:21:12","guid":{"rendered":"http:\/\/www.linuslundqvistracing.se\/?page_id=4029"},"modified":"2020-04-14T09:18:39","modified_gmt":"2020-04-14T08:18:39","slug":"live","status":"publish","type":"page","link":"https:\/\/www.linuslundqvistracing.se\/sv\/live","title":{"rendered":"Live"},"content":{"rendered":"<!--themify_builder_content-->\n<div id=\"themify_builder_content-4029\" data-postid=\"4029\" class=\"themify_builder_content themify_builder_content-4029 themify_builder tf_clear\">\n    \t\t\t\t<!-- module_row -->\n\t\t<div  data-lazy=\"1\" class=\"module_row themify_builder_row tb_emul036 tb_first tf_w tf_clearfix\">\n\t\t\t\t\t<div class=\"row_inner col_align_top tb_col_count_1 tf_box tf_rel\">\n\t\t\t\t\t<div  data-lazy=\"1\" class=\"module_column tb-column col-full tb_djh3000 first\">\n\t\t\t\t\t\t\t\t\t<div class=\"tb-column-inner tf_box tf_w\">\n\t\t\t\t<!-- module buttons -->\n<div  class=\"module module-buttons tb_5777442 buttons-horizontal squared  large squared\" data-lazy=\"1\">\n\t\t<div class=\"module-buttons-item tf_inline_b\">\n\t\t\t\t\t\t<a href=\"http:\/\/online.cronococa.com\" class=\"ui builder_button red\" target=\"_blank\" rel=\"noopener\">\n\t\t\t\t\t\t\t\t<span class=\"tf_inline_b tf_vmiddle\">LIVE TIMING<\/span>\n\t\t\t\t\t\t\t\t\t\t\t\t<\/a>\n\t\t\t\t\t\t<\/div>\n\t\t\t<\/div>\n<!-- \/module buttons -->\n<!-- module fancy heading -->\n<div  class=\"module module-fancy-heading tb_jgw9772 \" data-lazy=\"1\">\n\t    <h1 class=\"fancy-heading tf_textc\">\n    <span class=\"main-head tf_block\">\n\t\t\t\t\tMonza (Italien)\t\t    <\/span>\n\n\t\n    <span class=\"sub-head tf_block tf_rel\">\n\t\t\t\t\t\t\t    <\/span>\n    <\/h1>\n<\/div>\n<!-- \/module fancy heading -->\n<!-- module text -->\n<div  class=\"module module-text tb_q59j730  repeat \" data-lazy=\"1\">\n        <div  class=\"tb_text_wrap\">\n    <h5 style=\"text-align: center;\"><span style=\"color: #000000;\">N\u00e4sta pass: Race 2<\/span><\/h5>\n<p style=\"text-align: center;\"><span style=\"color: #000000;\">Start: 13.50<\/span><\/p>    <\/div>\n<\/div>\n<!-- \/module text --><!-- module plain text -->\n<div  class=\"module module-plain-text tb_nhp7834 \" data-lazy=\"1\">\n        <div class=\"tb_text_wrap\">\n\t<iframe loading=\"lazy\" width=\"1120\" height=\"630\" src=\"https:\/\/www.youtube.com\/embed\/9-znobeOyN4\" frameborder=\"0\" allow=\"accelerometer; autoplay; encrypted-media; gyroscope; picture-in-picture\" allowfullscreen><\/iframe>    <\/div>\n<\/div>\n<!-- \/module plain text -->\t\t\t\t<\/div><!-- .tb-column-inner -->\n\t\t\t\t\t\t<\/div><!-- .module_column -->\n\t\t\t\t\t\t<\/div><!-- .row_inner -->\n\t\t<\/div><!-- .module_row -->\n\t\t\t\t\t\t\t\t<!-- module_row -->\n\t\t<div  data-lazy=\"1\" class=\"module_row themify_builder_row tb_sriu240 tf_w tf_clearfix\">\n\t\t\t\t\t<div class=\"row_inner col_align_top tb_col_count_2 tf_box tf_rel\">\n\t\t\t\t\t<div  data-lazy=\"1\" class=\"module_column tb-column col4-2 tb_vmi5420 first\">\n\t\t\t\t\t\t\t\t\t<div class=\"tb-column-inner tf_box tf_w\">\n\t\t\t\t<!-- module fancy heading -->\n<div  class=\"module module-fancy-heading tb_onvv015 \" data-lazy=\"1\">\n\t    <h1 class=\"fancy-heading tf_textc\">\n    <span class=\"main-head tf_block\">\n\t\t\t\t\tTidsschema\t\t    <\/span>\n\n\t\n    <span class=\"sub-head tf_block tf_rel\">\n\t\t\t\t\tAlla angivelser avser svensk tid\t\t    <\/span>\n    <\/h1>\n<\/div>\n<!-- \/module fancy heading -->\n<!-- module text -->\n<div  class=\"module module-text tb_o6vx475  repeat \" data-lazy=\"1\">\n        <div  class=\"tb_text_wrap\">\n    <p style=\"text-align: center;\"><span style=\"color: #000000;\"><strong>Torsdag 10 oktober<\/strong><\/span><br \/><span style=\"color: #000000;\">Test 1: 09.00-12.40<\/span><br \/><span style=\"color: #000000;\">Test 2: 15.20-16.20<\/span><\/p>\n<p style=\"text-align: center;\"><span style=\"color: #000000;\"><strong>Fredag 11 oktober<\/strong><\/span><br \/><span style=\"color: #000000;\">Fri tr\u00e4ning 1: 09.00-09.40<\/span><br \/><span style=\"color: #000000;\">Fri tr\u00e4ning 2: 13.02-13.42<\/span><\/p>\n<p style=\"text-align: center;\"><span style=\"color: #000000;\"><strong>L\u00f6rdag 12 oktober<\/strong><\/span><br \/><span style=\"color: #000000;\">Kval 1: 09.30-09.55<\/span><br \/><span style=\"color: #000000;\">Race 1 (16 varv): 14.15<\/span><\/p>\n<p style=\"text-align: center;\"><span style=\"color: #000000;\"><strong>S\u00f6ndag 13 oktober<\/strong><\/span><br \/><span style=\"color: #000000;\">Kval 2: 09.30-09.55<\/span><br \/><span style=\"color: #000000;\">Race 2 (16 varv): 13.50<\/span><\/p>    <\/div>\n<\/div>\n<!-- \/module text -->\t\t\t\t<\/div><!-- .tb-column-inner -->\n\t\t\t\t\t\t<\/div><!-- .module_column -->\n\t\t\t\t\t<div  data-lazy=\"1\" class=\"module_column tb-column col4-2 tb_ihyl044 last\">\n\t\t\t\t\t\t\t\t\t<div class=\"tb-column-inner tf_box tf_w\">\n\t\t\t\t<!-- module fancy heading -->\n<div  class=\"module module-fancy-heading tb_qkg4044 \" data-lazy=\"1\">\n\t    <h1 class=\"fancy-heading tf_textc\">\n    <span class=\"main-head tf_block\">\n\t\t\t\t\tAutodromo Nazionale Monza\t\t    <\/span>\n\n\t\n    <span class=\"sub-head tf_block tf_rel\">\n\t\t\t\t\t5.793 km\t\t    <\/span>\n    <\/h1>\n<\/div>\n<!-- \/module fancy heading -->\n<!-- module image -->\n<div  class=\"module module-image tb_clru604   image-center tf_mw\" data-lazy=\"1\">\n        <div class=\"image-wrap tf_rel tf_mw\">\n\t\t    <img loading=\"lazy\" decoding=\"async\" width=\"2560\" height=\"1307\" src=\"https:\/\/www.linuslundqvistracing.se\/wp-content\/uploads\/2019\/09\/2560px-Monza_track_map.svg.png\" class=\"wp-post-image wp-image-4742\" title=\"2560px-Monza_track_map.svg\" alt=\"2560px-Monza_track_map.svg\" srcset=\"https:\/\/www.linuslundqvistracing.se\/wp-content\/uploads\/2019\/09\/2560px-Monza_track_map.svg.png 2560w, https:\/\/www.linuslundqvistracing.se\/wp-content\/uploads\/2019\/09\/2560px-Monza_track_map.svg-300x153.png 300w, https:\/\/www.linuslundqvistracing.se\/wp-content\/uploads\/2019\/09\/2560px-Monza_track_map.svg-768x392.png 768w, https:\/\/www.linuslundqvistracing.se\/wp-content\/uploads\/2019\/09\/2560px-Monza_track_map.svg-1024x523.png 1024w, https:\/\/www.linuslundqvistracing.se\/wp-content\/uploads\/2019\/09\/2560px-Monza_track_map.svg-1024x523-400x204.png 400w\" sizes=\"auto, (max-width: 2560px) 100vw, 2560px\" \/>\t\n\t\t<\/div>\n\t<!-- \/image-wrap -->\n    \n    \t<\/div>\n<!-- \/module image -->\t\t\t\t<\/div><!-- .tb-column-inner -->\n\t\t\t\t\t\t<\/div><!-- .module_column -->\n\t\t\t\t\t\t<\/div><!-- .row_inner -->\n\t\t<\/div><!-- .module_row -->\n\t\t\t\t<\/div>\n<!--\/themify_builder_content-->","protected":false},"excerpt":{"rendered":"<p>LIVE TIMING Monza (Italien) N\u00e4sta pass: Race 2 Start: 13.50 TidsschemaAlla angivelser avser svensk tid Torsdag 10 oktoberTest 1: 09.00-12.40Test 2: 15.20-16.20 Fredag 11 oktoberFri tr\u00e4ning 1: 09.00-09.40Fri tr\u00e4ning 2: 13.02-13.42 L\u00f6rdag 12 oktoberKval 1: 09.30-09.55Race 1 (16 varv): 14.15 S\u00f6ndag 13 oktoberKval 2: 09.30-09.55Race 2 (16 varv): 13.50 Autodromo Nazionale Monza5.793 km<\/p>\n","protected":false},"author":1,"featured_media":0,"parent":0,"menu_order":0,"comment_status":"closed","ping_status":"closed","template":"","meta":{"_monsterinsights_skip_tracking":false,"_monsterinsights_sitenote_active":false,"_monsterinsights_sitenote_note":"","_monsterinsights_sitenote_category":0,"footnotes":"","_links_to":"","_links_to_target":""},"class_list":["post-4029","page","type-page","status-publish","hentry","has-post-title","has-post-date","has-post-category","has-post-tag","has-post-comment","has-post-author",""],"aioseo_notices":[],"builder_content":"<a href=\"http:\/\/online.cronococa.com\" target=\"_blank\" rel=\"noopener\"> LIVE TIMING <\/a>\n<h1>Monza (Italien)<br\/><\/h1>\n<h5 style=\"text-align: center;\">N\u00e4sta pass: Race 2<\/h5> <p style=\"text-align: center;\">Start: 13.50<\/p>\n<iframe loading=\"lazy\" width=\"1120\" height=\"630\" src=\"https:\/\/www.youtube.com\/embed\/9-znobeOyN4\" frameborder=\"0\" allow=\"accelerometer; autoplay; encrypted-media; gyroscope; picture-in-picture\" allowfullscreen><\/iframe>\n<h1>Tidsschema<br\/>Alla angivelser avser svensk tid<\/h1>\n<p style=\"text-align: center;\"><strong>Torsdag 10 oktober<\/strong><br \/>Test 1: 09.00-12.40<br \/>Test 2: 15.20-16.20<\/p> <p style=\"text-align: center;\"><strong>Fredag 11 oktober<\/strong><br \/>Fri tr\u00e4ning 1: 09.00-09.40<br \/>Fri tr\u00e4ning 2: 13.02-13.42<\/p> <p style=\"text-align: center;\"><strong>L\u00f6rdag 12 oktober<\/strong><br \/>Kval 1: 09.30-09.55<br \/>Race 1 (16 varv): 14.15<\/p> <p style=\"text-align: center;\"><strong>S\u00f6ndag 13 oktober<\/strong><br \/>Kval 2: 09.30-09.55<br \/>Race 2 (16 varv): 13.50<\/p>\n<h1>Autodromo Nazionale Monza<br\/>5.793 km<\/h1>\n<img src=\"https:\/\/www.linuslundqvistracing.se\/wp-content\/uploads\/2019\/09\/2560px-Monza_track_map.svg.png\" title=\"2560px-Monza_track_map.svg\" alt=\"2560px-Monza_track_map.svg\" srcset=\"https:\/\/www.linuslundqvistracing.se\/wp-content\/uploads\/2019\/09\/2560px-Monza_track_map.svg.png 2560w, https:\/\/www.linuslundqvistracing.se\/wp-content\/uploads\/2019\/09\/2560px-Monza_track_map.svg-300x153.png 300w, https:\/\/www.linuslundqvistracing.se\/wp-content\/uploads\/2019\/09\/2560px-Monza_track_map.svg-768x392.png 768w, https:\/\/www.linuslundqvistracing.se\/wp-content\/uploads\/2019\/09\/2560px-Monza_track_map.svg-1024x523.png 1024w, https:\/\/www.linuslundqvistracing.se\/wp-content\/uploads\/2019\/09\/2560px-Monza_track_map.svg-1024x523-400x204.png 400w\" sizes=\"(max-width: 2560px) 100vw, 2560px\" \/>","_links":{"self":[{"href":"https:\/\/www.linuslundqvistracing.se\/sv\/wp-json\/wp\/v2\/pages\/4029","targetHints":{"allow":["GET"]}}],"collection":[{"href":"https:\/\/www.linuslundqvistracing.se\/sv\/wp-json\/wp\/v2\/pages"}],"about":[{"href":"https:\/\/www.linuslundqvistracing.se\/sv\/wp-json\/wp\/v2\/types\/page"}],"author":[{"embeddable":true,"href":"https:\/\/www.linuslundqvistracing.se\/sv\/wp-json\/wp\/v2\/users\/1"}],"replies":[{"embeddable":true,"href":"https:\/\/www.linuslundqvistracing.se\/sv\/wp-json\/wp\/v2\/comments?post=4029"}],"version-history":[{"count":131,"href":"https:\/\/www.linuslundqvistracing.se\/sv\/wp-json\/wp\/v2\/pages\/4029\/revisions"}],"predecessor-version":[{"id":5271,"href":"https:\/\/www.linuslundqvistracing.se\/sv\/wp-json\/wp\/v2\/pages\/4029\/revisions\/5271"}],"wp:attachment":[{"href":"https:\/\/www.linuslundqvistracing.se\/sv\/wp-json\/wp\/v2\/media?parent=4029"}],"curies":[{"name":"wp","href":"https:\/\/api.w.org\/{rel}","templated":true}]}}