{"id":20,"date":"2018-02-16T13:53:04","date_gmt":"2018-02-16T13:53:04","guid":{"rendered":"http:\/\/www.linuslundqvistracing.se\/?page_id=20"},"modified":"2018-02-16T13:53:04","modified_gmt":"2018-02-16T13:53:04","slug":"en-hemsides-sektion","status":"publish","type":"page","link":"https:\/\/www.linuslundqvistracing.se\/sv\/en-hemsides-sektion","title":{"rendered":"En hemsides-sektion"},"content":{"rendered":"<p>Detta \u00e4r ett exempel p\u00e5 en startsidessektion. Startsidessektioner kan vara vilken sida som helst annan \u00e4n sj\u00e4lva startsidan, inklusive sidan som visar dina senaste blogginl\u00e4gg.<\/p>\n<!--themify_builder_content-->\n<div id=\"themify_builder_content-20\" data-postid=\"20\" class=\"themify_builder_content themify_builder_content-20 themify_builder tf_clear\">\n    <\/div>\n<!--\/themify_builder_content-->\n","protected":false},"excerpt":{"rendered":"<p>Detta \u00e4r ett exempel p\u00e5 en startsidessektion. Startsidessektioner kan vara vilken sida som helst annan \u00e4n sj\u00e4lva startsidan, inklusive sidan som visar dina senaste blogginl\u00e4gg.<\/p>\n","protected":false},"author":1,"featured_media":13,"parent":0,"menu_order":0,"comment_status":"closed","ping_status":"closed","template":"","meta":{"_monsterinsights_skip_tracking":false,"_monsterinsights_sitenote_active":false,"_monsterinsights_sitenote_note":"","_monsterinsights_sitenote_category":0,"footnotes":"","_links_to":"","_links_to_target":""},"class_list":["post-20","page","type-page","status-publish","has-post-thumbnail","hentry","has-post-title","has-post-date","has-post-category","has-post-tag","has-post-comment","has-post-author",""],"aioseo_notices":[],"builder_content":"","_links":{"self":[{"href":"https:\/\/www.linuslundqvistracing.se\/sv\/wp-json\/wp\/v2\/pages\/20","targetHints":{"allow":["GET"]}}],"collection":[{"href":"https:\/\/www.linuslundqvistracing.se\/sv\/wp-json\/wp\/v2\/pages"}],"about":[{"href":"https:\/\/www.linuslundqvistracing.se\/sv\/wp-json\/wp\/v2\/types\/page"}],"author":[{"embeddable":true,"href":"https:\/\/www.linuslundqvistracing.se\/sv\/wp-json\/wp\/v2\/users\/1"}],"replies":[{"embeddable":true,"href":"https:\/\/www.linuslundqvistracing.se\/sv\/wp-json\/wp\/v2\/comments?post=20"}],"version-history":[{"count":1,"href":"https:\/\/www.linuslundqvistracing.se\/sv\/wp-json\/wp\/v2\/pages\/20\/revisions"}],"predecessor-version":[{"id":26,"href":"https:\/\/www.linuslundqvistracing.se\/sv\/wp-json\/wp\/v2\/pages\/20\/revisions\/26"}],"wp:featuredmedia":[{"embeddable":true,"href":"https:\/\/www.linuslundqvistracing.se\/sv\/wp-json\/wp\/v2\/media\/13"}],"wp:attachment":[{"href":"https:\/\/www.linuslundqvistracing.se\/sv\/wp-json\/wp\/v2\/media?parent=20"}],"curies":[{"name":"wp","href":"https:\/\/api.w.org\/{rel}","templated":true}]}}