{"id":1826,"date":"2018-05-28T19:56:25","date_gmt":"2018-05-28T18:56:25","guid":{"rendered":"http:\/\/www.linuslundqvistracing.se\/?page_id=1826"},"modified":"2023-10-24T17:59:07","modified_gmt":"2023-10-24T15:59:07","slug":"event","status":"publish","type":"page","link":"https:\/\/www.linuslundqvistracing.se\/sv\/event","title":{"rendered":"Event"},"content":{"rendered":"<p>&nbsp;<\/p>\n<!--themify_builder_content-->\n<div id=\"themify_builder_content-1826\" data-postid=\"1826\" class=\"themify_builder_content themify_builder_content-1826 themify_builder tf_clear\">\n    \t\t\t\t<!-- module_row -->\n\t\t<div  data-lazy=\"1\" class=\"module_row themify_builder_row tb_ac8f337 tb_first tf_w tf_clearfix\">\n\t\t\t\t\t<div class=\"row_inner col_align_top tb_col_count_1 tf_box tf_rel\">\n\t\t\t\t\t<div  data-lazy=\"1\" class=\"module_column tb-column col-full tb_4ilp001 first\">\n\t\t\t\t\t\t\t\t\t<div class=\"tb-column-inner tf_box tf_w\">\n\t\t\t\t<!-- module text -->\n<div  class=\"module module-text tb_khyk004  repeat \" data-lazy=\"1\">\n        <div  class=\"tb_text_wrap\">\n    <p><span style=\"color: #000000;\">Vid sidan av t\u00e4vlingsverksamheten bedriver LL Motorsport AB och Linus Lundqvist ocks\u00e5 en rad f\u00f6retagsevent. Vill du och ditt f\u00f6retag ta del av en inspirerande f\u00f6rel\u00e4sning, eller kanske m\u00e4ta krafterna mot Linus p\u00e5 gokartbanan eller i en riktig racerbil? Vi skr\u00e4ddarsyr alla f\u00f6rfr\u00e5gningar direkt efter just dina behov.<\/span><\/p>\n<p><span style=\"color: #000000;\">Varmt v\u00e4lkommen att kontakta oss f\u00f6r mer information.<\/span><\/p>    <\/div>\n<\/div>\n<!-- \/module text -->\t\t\t\t<\/div><!-- .tb-column-inner -->\n\t\t\t\t\t\t<\/div><!-- .module_column -->\n\t\t\t\t\t\t<\/div><!-- .row_inner -->\n\t\t<\/div><!-- .module_row -->\n\t\t\t\t\t\t\t\t<!-- module_row -->\n\t\t<div  data-css_id=\"wkkf266\" data-lazy=\"1\" class=\"module_row themify_builder_row fullwidth_row_container tb_wkkf266 tf_w tf_clearfix\">\n\t\t\t\t\t<div class=\"row_inner col_align_top tb_col_count_1 tf_box tf_rel\">\n\t\t\t\t\t<div  data-lazy=\"1\" class=\"module_column tb-column col-full tb_o6k3002 first\">\n\t\t\t\t\t\t\t<\/div><!-- .module_column -->\n\t\t\t\t\t\t<\/div><!-- .row_inner -->\n\t\t<\/div><!-- .module_row -->\n\t\t\t\t\t\t\t\t<!-- module_row -->\n\t\t<div  data-lazy=\"1\" class=\"module_row themify_builder_row tb_ipzn640 tf_w tf_clearfix\">\n\t\t<div class=\"builder_row_cover tf_abs\"><\/div>\t\t\t<div class=\"row_inner col_align_top tb_col_count_1 tf_box tf_rel\">\n\t\t\t\t\t<div  data-lazy=\"1\" class=\"module_column tb-column col-full tb_nq2v600 first\">\n\t\t\t\t\t\t\t\t\t<div class=\"tb-column-inner tf_box tf_w\">\n\t\t\t\t<!-- module fancy heading -->\n<div  class=\"module module-fancy-heading tb_3z0d940  tb_hide_divider\" data-lazy=\"1\">\n\t    <h1 class=\"fancy-heading tf_textc\">\n    <span class=\"main-head tf_block\">\n\t\t\t\t\tF\u00f6r offert:\t\t    <\/span>\n\n\t\n    <span class=\"sub-head tf_block tf_rel\">\n\t\t\t\t\t\t\t    <\/span>\n    <\/h1>\n<\/div>\n<!-- \/module fancy heading -->\n<!-- module icon -->\n<div  class=\"module module-icon tb_ccy7059  normal circle icon_vertical tf_textc\" data-lazy=\"1\">\n\t\t\t<div class=\"module-icon-item\">\n\t\t\t\t\t\t\t\t\t\t\t\t\t\t\t\t<em class=\"tf_box transparent\"><svg  class=\"tf_fa tf-fas-phone\" aria-hidden=\"true\"><use href=\"#tf-fas-phone\"><\/use><\/svg><\/em>\n\t\t\t\t\t\t\t\t\t\t\t\t\t\t\t\t\t\t\t<span>070-869 69 76<\/span>\n\t\t\t\t\t\t\t\t\t\t\t\t\t\t\t<\/div>\n\t\t\t<div class=\"module-icon-item\">\n\t\t\t\t\t\t\t<a href=\"mailto: info@llmotorsport.se\">\n\t\t\t\t\t\t\t\t\t\t\t\t\t\t\t\t\t<em class=\"tf_box transparent\"><svg  class=\"tf_fa tf-far-envelope\" aria-hidden=\"true\"><use href=\"#tf-far-envelope\"><\/use><\/svg><\/em>\n\t\t\t\t\t\t\t\t\t\t\t\t\t\t\t\t\t\t\t<span>info@llmotorsport.se<\/span>\n\t\t\t\t\t\t\t\t\t\t\t\t\t\t\t\t\t<\/a>\n\t\t\t\t\t<\/div>\n\t<\/div>\n<!-- \/module icon -->\n\t\t\t\t<\/div><!-- .tb-column-inner -->\n\t\t\t\t\t\t<\/div><!-- .module_column -->\n\t\t\t\t\t\t<\/div><!-- .row_inner -->\n\t\t<\/div><!-- .module_row -->\n\t\t\t\t<\/div>\n<!--\/themify_builder_content-->","protected":false},"excerpt":{"rendered":"<p>&nbsp;<\/p>\n","protected":false},"author":1,"featured_media":0,"parent":0,"menu_order":0,"comment_status":"closed","ping_status":"closed","template":"","meta":{"_monsterinsights_skip_tracking":false,"_monsterinsights_sitenote_active":false,"_monsterinsights_sitenote_note":"","_monsterinsights_sitenote_category":0,"footnotes":"","_links_to":"","_links_to_target":""},"class_list":["post-1826","page","type-page","status-publish","hentry","has-post-title","has-post-date","has-post-category","has-post-tag","has-post-comment","has-post-author",""],"aioseo_notices":[],"builder_content":"<p>Vid sidan av t\u00e4vlingsverksamheten bedriver LL Motorsport AB och Linus Lundqvist ocks\u00e5 en rad f\u00f6retagsevent. Vill du och ditt f\u00f6retag ta del av en inspirerande f\u00f6rel\u00e4sning, eller kanske m\u00e4ta krafterna mot Linus p\u00e5 gokartbanan eller i en riktig racerbil? Vi skr\u00e4ddarsyr alla f\u00f6rfr\u00e5gningar direkt efter just dina behov.<\/p> <p>Varmt v\u00e4lkommen att kontakta oss f\u00f6r mer information.<\/p>\n<h1>F\u00f6r offert:<br\/><\/h1>\n<em><svg aria-hidden=\"true\"><use href=\"#tf-fas-phone\"><\/use><\/svg><\/em> 070-869 69 76 <a href=\"mailto: info@llmotorsport.se\"> <em><svg aria-hidden=\"true\"><use href=\"#tf-far-envelope\"><\/use><\/svg><\/em> info@llmotorsport.se <\/a>","_links":{"self":[{"href":"https:\/\/www.linuslundqvistracing.se\/sv\/wp-json\/wp\/v2\/pages\/1826","targetHints":{"allow":["GET"]}}],"collection":[{"href":"https:\/\/www.linuslundqvistracing.se\/sv\/wp-json\/wp\/v2\/pages"}],"about":[{"href":"https:\/\/www.linuslundqvistracing.se\/sv\/wp-json\/wp\/v2\/types\/page"}],"author":[{"embeddable":true,"href":"https:\/\/www.linuslundqvistracing.se\/sv\/wp-json\/wp\/v2\/users\/1"}],"replies":[{"embeddable":true,"href":"https:\/\/www.linuslundqvistracing.se\/sv\/wp-json\/wp\/v2\/comments?post=1826"}],"version-history":[{"count":42,"href":"https:\/\/www.linuslundqvistracing.se\/sv\/wp-json\/wp\/v2\/pages\/1826\/revisions"}],"predecessor-version":[{"id":10680,"href":"https:\/\/www.linuslundqvistracing.se\/sv\/wp-json\/wp\/v2\/pages\/1826\/revisions\/10680"}],"wp:attachment":[{"href":"https:\/\/www.linuslundqvistracing.se\/sv\/wp-json\/wp\/v2\/media?parent=1826"}],"curies":[{"name":"wp","href":"https:\/\/api.w.org\/{rel}","templated":true}]}}