{"id":1357,"date":"2018-02-25T19:17:09","date_gmt":"2018-02-25T18:17:09","guid":{"rendered":"http:\/\/www.linuslundqvistracing.se\/?page_id=1357"},"modified":"2020-05-16T22:11:43","modified_gmt":"2020-05-16T20:11:43","slug":"ll-motorsport-ab","status":"publish","type":"page","link":"https:\/\/www.linuslundqvistracing.se\/sv\/ll-motorsport-ab","title":{"rendered":"LL Motorsport AB"},"content":{"rendered":"<p>&nbsp;<\/p>\n<!--themify_builder_content-->\n<div id=\"themify_builder_content-1357\" data-postid=\"1357\" class=\"themify_builder_content themify_builder_content-1357 themify_builder tf_clear\">\n    \t\t\t\t<!-- module_row -->\n\t\t<div  data-lazy=\"1\" class=\"module_row themify_builder_row tb_0a0s567 tb_first tf_w tf_clearfix\">\n\t\t\t\t\t<div class=\"row_inner col_align_top tb_col_count_1 tf_box tf_rel\">\n\t\t\t\t\t<div  data-lazy=\"1\" class=\"module_column tb-column col-full tb_aaow050 first\">\n\t\t\t\t\t\t\t\t\t<div class=\"tb-column-inner tf_box tf_w\">\n\t\t\t\t<!-- module text -->\n<div  class=\"module module-text tb_fmnk005  repeat \" data-lazy=\"1\">\n        <div  class=\"tb_text_wrap\">\n    <p><span style=\"color: #000000;\">Linus Lundqvists racingkarri\u00e4r administreras genom bolaget LL Motorsport AB. Styrelsen best\u00e5r av Linus Lundqvist, Annika Lundqvist, Benny Hanner, Martin Ohlsson och Stefan Wilson.\u00a0F\u00f6retaget har sitt s\u00e4te i Stockholm.\u00a0<\/span><\/p>    <\/div>\n<\/div>\n<!-- \/module text --><!-- module fancy heading -->\n<div  class=\"module module-fancy-heading tb_8dzd003  tb_hide_divider\" data-lazy=\"1\">\n\t    <h1 class=\"fancy-heading tf_textc\">\n    <span class=\"main-head tf_block\">\n\t\t\t\t\tAdvisory Board\t\t    <\/span>\n\n\t\n    <span class=\"sub-head tf_block tf_rel\">\n\t\t\t\t\tRacing\t\t    <\/span>\n    <\/h1>\n<\/div>\n<!-- \/module fancy heading -->\n\t\t<div  data-lazy=\"1\" class=\"module_subrow themify_builder_sub_row tb_axyo295 tf_w tf_clearfix\">\n\t\t\t\t\t<div class=\"subrow_inner col_align_top tb_col_count_2 tf_box tf_w\">\n\t\t\t\t\t<div  data-lazy=\"1\" class=\"module_column sub_column col4-2 tb_x96y502 first\">\n\t\t\t\t\t\t\t\t\t<div class=\"tb-column-inner tf_box tf_w\">\n\t\t\t\t<!-- module image -->\n<div  class=\"module module-image tb_fn9f516 circle  image-left tf_mw\" data-lazy=\"1\">\n        <div class=\"image-wrap tf_rel tf_mw\">\n\t\t    <img loading=\"lazy\" decoding=\"async\" src=\"https:\/\/www.linuslundqvistracing.se\/wp-content\/uploads\/2018\/02\/CarlPhilip-100x100.jpg\" width=\"100\" height=\"100\" class=\"wp-post-image wp-image-1371\" title=\"Prins Carl Philip\" alt=\"Har tidigare t\u00e4vlat i bland annat svenska STCC (2013-2016), d\u00e4r han ocks\u00e5 vann ett race i Falkenberg 2015.\nFoto: Erika Gerdemark, Kungahuset.se\" srcset=\"https:\/\/www.linuslundqvistracing.se\/wp-content\/uploads\/2018\/02\/CarlPhilip-100x100.jpg 100w, https:\/\/www.linuslundqvistracing.se\/wp-content\/uploads\/2018\/02\/CarlPhilip-150x150.jpg 150w, https:\/\/www.linuslundqvistracing.se\/wp-content\/uploads\/2018\/02\/CarlPhilip-300x300.jpg 300w, https:\/\/www.linuslundqvistracing.se\/wp-content\/uploads\/2018\/02\/CarlPhilip.jpg 600w\" sizes=\"auto, (max-width: 100px) 100vw, 100px\" \/>\t\n\t\t<\/div>\n\t<!-- \/image-wrap -->\n    \n    \t<div class=\"image-content\">\n\t    \t\t\t<h3 class=\"image-title\">\n\t\t\t\t\t\t\t\t\tPrins Carl Philip\t\t\t\t\t\t\t<\/h3>\n\t    \n\t    \t\t<div class=\"image-caption tb_text_wrap\">\n\t\t    Har tidigare t\u00e4vlat i bland annat svenska STCC (2013-2016), d\u00e4r han ocks\u00e5 vann ett race i Falkenberg 2015.\nFoto: Erika Gerdemark, Kungahuset.se\n\n\t    <\/div>\n\t    <!-- \/image-caption -->\n\t    \t<\/div>\n\t<!-- \/image-content -->\n    \t<\/div>\n<!-- \/module image --><!-- module image -->\n<div  class=\"module module-image tb_smr7405 circle  image-left tf_mw\" data-lazy=\"1\">\n        <div class=\"image-wrap tf_rel tf_mw\">\n\t\t    <img loading=\"lazy\" decoding=\"async\" src=\"https:\/\/www.linuslundqvistracing.se\/wp-content\/uploads\/2018\/02\/Thed-100x100.jpg\" width=\"100\" height=\"100\" class=\"wp-post-image wp-image-1369\" title=\"Thed Bj\u00f6rk\" alt=\"V\u00e4rldsm\u00e4stare i standardbilsracing (FIA WTCC) 2017. Sveriges f\u00f6rste och hittills ende v\u00e4rldsm\u00e4stare i banracing genom tiderna. Fyrfaldig STCC-m\u00e4stare. K\u00f6r FIA WTCR.\" srcset=\"https:\/\/www.linuslundqvistracing.se\/wp-content\/uploads\/2018\/02\/Thed-100x100.jpg 100w, https:\/\/www.linuslundqvistracing.se\/wp-content\/uploads\/2018\/02\/Thed-150x150.jpg 150w, https:\/\/www.linuslundqvistracing.se\/wp-content\/uploads\/2018\/02\/Thed-300x300.jpg 300w, https:\/\/www.linuslundqvistracing.se\/wp-content\/uploads\/2018\/02\/Thed.jpg 600w\" sizes=\"auto, (max-width: 100px) 100vw, 100px\" \/>\t\n\t\t<\/div>\n\t<!-- \/image-wrap -->\n    \n    \t<div class=\"image-content\">\n\t    \t\t\t<h3 class=\"image-title\">\n\t\t\t\t\t\t\t\t\tThed Bj\u00f6rk\t\t\t\t\t\t\t<\/h3>\n\t    \n\t    \t\t<div class=\"image-caption tb_text_wrap\">\n\t\t    V\u00e4rldsm\u00e4stare i standardbilsracing (FIA WTCC) 2017. Sveriges f\u00f6rste och hittills ende v\u00e4rldsm\u00e4stare i banracing genom tiderna. Fyrfaldig STCC-m\u00e4stare. K\u00f6r FIA WTCR.\n\t    <\/div>\n\t    <!-- \/image-caption -->\n\t    \t<\/div>\n\t<!-- \/image-content -->\n    \t<\/div>\n<!-- \/module image -->\t\t\t\t<\/div><!-- .tb-column-inner -->\n\t\t\t\t\t\t<\/div><!-- .module_column -->\n\t\t\t\t\t<div  data-lazy=\"1\" class=\"module_column sub_column col4-2 tb_n3cj604 last\">\n\t\t\t\t\t\t\t\t\t<div class=\"tb-column-inner tf_box tf_w\">\n\t\t\t\t<!-- module image -->\n<div  class=\"module module-image tb_gnrv060 circle  image-left tf_mw\" data-lazy=\"1\">\n        <div class=\"image-wrap tf_rel tf_mw\">\n\t\t    <img loading=\"lazy\" decoding=\"async\" src=\"https:\/\/www.linuslundqvistracing.se\/wp-content\/uploads\/2018\/03\/MP100-1-100x100.jpg\" width=\"100\" height=\"100\" class=\"wp-post-image wp-image-1464\" title=\"Mattias Persson\" alt=\"PR- och kommunikationskonsult inom motorsport. Driver PR-firman Motorsport Publication som l\u00e4nge varit ledande inom marknadsf\u00f6ring av svenska racingf\u00f6rare.\" srcset=\"https:\/\/www.linuslundqvistracing.se\/wp-content\/uploads\/2018\/03\/MP100-1-100x100.jpg 100w, https:\/\/www.linuslundqvistracing.se\/wp-content\/uploads\/2018\/03\/MP100-1-150x150.jpg 150w, https:\/\/www.linuslundqvistracing.se\/wp-content\/uploads\/2018\/03\/MP100-1-300x300.jpg 300w, https:\/\/www.linuslundqvistracing.se\/wp-content\/uploads\/2018\/03\/MP100-1.jpg 500w\" sizes=\"auto, (max-width: 100px) 100vw, 100px\" \/>\t\n\t\t<\/div>\n\t<!-- \/image-wrap -->\n    \n    \t<div class=\"image-content\">\n\t    \t\t\t<h3 class=\"image-title\">\n\t\t\t\t\t\t\t\t\tMattias Persson\t\t\t\t\t\t\t<\/h3>\n\t    \n\t    \t\t<div class=\"image-caption tb_text_wrap\">\n\t\t    PR- och kommunikationskonsult inom motorsport. Driver PR-firman Motorsport Publication som l\u00e4nge varit ledande inom marknadsf\u00f6ring av svenska racingf\u00f6rare.\t    <\/div>\n\t    <!-- \/image-caption -->\n\t    \t<\/div>\n\t<!-- \/image-content -->\n    \t<\/div>\n<!-- \/module image --><!-- module image -->\n<div  class=\"module module-image tb_2r43211 circle  image-left tf_mw\" data-lazy=\"1\">\n        <div class=\"image-wrap tf_rel tf_mw\">\n\t\t    <img loading=\"lazy\" decoding=\"async\" src=\"https:\/\/www.linuslundqvistracing.se\/wp-content\/uploads\/2018\/02\/Felix-100x100.jpg\" width=\"100\" height=\"100\" class=\"wp-post-image wp-image-1370\" title=\"Felix Rosenqvist\" alt=\"K\u00f6r amerikanska IndyCar. Den mest framg\u00e5ngsrike Formel 3-f\u00f6raren genom tiderna; Europam\u00e4stare s\u00e4songen 2015. Tv\u00e5faldig segrare i F3-klassikern Macau Grand Prix.\" srcset=\"https:\/\/www.linuslundqvistracing.se\/wp-content\/uploads\/2018\/02\/Felix-100x100.jpg 100w, https:\/\/www.linuslundqvistracing.se\/wp-content\/uploads\/2018\/02\/Felix-150x150.jpg 150w, https:\/\/www.linuslundqvistracing.se\/wp-content\/uploads\/2018\/02\/Felix-300x300.jpg 300w, https:\/\/www.linuslundqvistracing.se\/wp-content\/uploads\/2018\/02\/Felix.jpg 600w\" sizes=\"auto, (max-width: 100px) 100vw, 100px\" \/>\t\n\t\t<\/div>\n\t<!-- \/image-wrap -->\n    \n    \t<div class=\"image-content\">\n\t    \t\t\t<h3 class=\"image-title\">\n\t\t\t\t\t\t\t\t\tFelix Rosenqvist\t\t\t\t\t\t\t<\/h3>\n\t    \n\t    \t\t<div class=\"image-caption tb_text_wrap\">\n\t\t    K\u00f6r amerikanska IndyCar. Den mest framg\u00e5ngsrike Formel 3-f\u00f6raren genom tiderna; Europam\u00e4stare s\u00e4songen 2015. Tv\u00e5faldig segrare i F3-klassikern Macau Grand Prix. \t    <\/div>\n\t    <!-- \/image-caption -->\n\t    \t<\/div>\n\t<!-- \/image-content -->\n    \t<\/div>\n<!-- \/module image -->\t\t\t\t<\/div><!-- .tb-column-inner -->\n\t\t\t\t\t\t<\/div><!-- .module_column -->\n\t\t\t\t\t\t<\/div><!-- .subrow_inner -->\n\t\t<\/div><!-- .themify_builder_sub_row -->\n\t\t\t\t\t\t\t\t<\/div><!-- .tb-column-inner -->\n\t\t\t\t\t\t<\/div><!-- .module_column -->\n\t\t\t\t\t\t<\/div><!-- .row_inner -->\n\t\t<\/div><!-- .module_row -->\n\t\t\t\t\t\t\t\t<!-- module_row -->\n\t\t<div  data-lazy=\"1\" class=\"module_row themify_builder_row tb_8tsf666 tf_w tf_clearfix\">\n\t\t\t\t\t<div class=\"row_inner col_align_top tb_col_count_1 tf_box tf_rel\">\n\t\t\t\t\t<div  data-lazy=\"1\" class=\"module_column tb-column col-full tb_s63v264 first\">\n\t\t\t\t\t\t\t\t\t<div class=\"tb-column-inner tf_box tf_w\">\n\t\t\t\t<!-- module fancy heading -->\n<div  class=\"module module-fancy-heading tb_45y4654  tb_hide_divider\" data-lazy=\"1\">\n\t    <h1 class=\"fancy-heading tf_textc\">\n    <span class=\"main-head tf_block\">\n\t\t\t\t\tAdvisory Board\t\t    <\/span>\n\n\t\n    <span class=\"sub-head tf_block tf_rel\">\n\t\t\t\t\tBusiness\t\t    <\/span>\n    <\/h1>\n<\/div>\n<!-- \/module fancy heading -->\n<!-- module text -->\n<div  class=\"module module-text tb_dl0c465  repeat \" data-lazy=\"1\">\n        <div  class=\"tb_text_wrap\">\n    <h6 style=\"text-align: center;\">Mikael Grev<br \/>Jonas Lange<br \/>Martin Ohlsson<br \/>Kurt Tingdal<br \/>Roger \u00c5str\u00f6m<\/h6>    <\/div>\n<\/div>\n<!-- \/module text --><!-- module fancy heading -->\n<div  class=\"module module-fancy-heading tb_19px602  tb_hide_divider\" data-lazy=\"1\">\n\t    <h1 class=\"fancy-heading tf_textc\">\n    <span class=\"main-head tf_block\">\n\t\t\t\t\tAdvisory Board\t\t    <\/span>\n\n\t\n    <span class=\"sub-head tf_block tf_rel\">\n\t\t\t\t\tMedia\t\t    <\/span>\n    <\/h1>\n<\/div>\n<!-- \/module fancy heading -->\n<!-- module text -->\n<div  class=\"module module-text tb_4hx7460  repeat \" data-lazy=\"1\">\n        <div  class=\"tb_text_wrap\">\n    <h6 style=\"text-align: center;\">Mattias Persson<\/h6>    <\/div>\n<\/div>\n<!-- \/module text -->\t\t\t\t<\/div><!-- .tb-column-inner -->\n\t\t\t\t\t\t<\/div><!-- .module_column -->\n\t\t\t\t\t\t<\/div><!-- .row_inner -->\n\t\t<\/div><!-- .module_row -->\n\t\t\t\t\t\t\t\t<!-- module_row -->\n\t\t<div  data-lazy=\"1\" class=\"module_row themify_builder_row tb_3hod202 tf_w tf_clearfix\">\n\t\t\t\t\t<div class=\"row_inner col_align_top tb_col_count_1 tf_box tf_rel\">\n\t\t\t\t\t<div  data-lazy=\"1\" class=\"module_column tb-column col-full tb_fxtm674 first\">\n\t\t\t\t\t\t\t<\/div><!-- .module_column -->\n\t\t\t\t\t\t<\/div><!-- .row_inner -->\n\t\t<\/div><!-- .module_row -->\n\t\t\t\t<\/div>\n<!--\/themify_builder_content-->","protected":false},"excerpt":{"rendered":"<p>Linus Lundqvists racingkarri\u00e4r administreras genom bolaget LL Motorsport AB. Styrelsen best\u00e5r av Linus Lundqvist, Annika Lundqvist, Benny Hanner, Martin Ohlsson och Stefan Wilson.\u00a0F\u00f6retaget har sitt s\u00e4te i Stockholm.\u00a0 Advisory BoardRacing Prins Carl Philip Har tidigare t\u00e4vlat i bland annat svenska STCC (2013-2016), d\u00e4r han ocks\u00e5 vann ett race i Falkenberg 2015. Foto: Erika Gerdemark, Kungahuset.se [&hellip;]<\/p>\n","protected":false},"author":1,"featured_media":0,"parent":0,"menu_order":0,"comment_status":"closed","ping_status":"closed","template":"","meta":{"_monsterinsights_skip_tracking":false,"_monsterinsights_sitenote_active":false,"_monsterinsights_sitenote_note":"","_monsterinsights_sitenote_category":0,"footnotes":"","_links_to":"","_links_to_target":""},"class_list":["post-1357","page","type-page","status-publish","hentry","has-post-title","has-post-date","has-post-category","has-post-tag","has-post-comment","has-post-author",""],"aioseo_notices":[],"builder_content":"<p>Linus Lundqvists racingkarri\u00e4r administreras genom bolaget LL Motorsport AB. Styrelsen best\u00e5r av Linus Lundqvist, Annika Lundqvist, Benny Hanner, Martin Ohlsson och Stefan Wilson.\u00a0F\u00f6retaget har sitt s\u00e4te i Stockholm.\u00a0<\/p>\n<h1>Advisory Board<br\/>Racing<\/h1>\n<img src=\"https:\/\/www.linuslundqvistracing.se\/wp-content\/uploads\/2018\/02\/CarlPhilip-100x100.jpg\" width=\"100\" height=\"100\" title=\"Prins Carl Philip\" alt=\"Har tidigare t\u00e4vlat i bland annat svenska STCC (2013-2016), d\u00e4r han ocks\u00e5 vann ett race i Falkenberg 2015. Foto: Erika Gerdemark, Kungahuset.se\" srcset=\"https:\/\/www.linuslundqvistracing.se\/wp-content\/uploads\/2018\/02\/CarlPhilip-100x100.jpg 100w, https:\/\/www.linuslundqvistracing.se\/wp-content\/uploads\/2018\/02\/CarlPhilip-150x150.jpg 150w, https:\/\/www.linuslundqvistracing.se\/wp-content\/uploads\/2018\/02\/CarlPhilip-300x300.jpg 300w, https:\/\/www.linuslundqvistracing.se\/wp-content\/uploads\/2018\/02\/CarlPhilip.jpg 600w\" sizes=\"(max-width: 100px) 100vw, 100px\" \/> <h3> Prins Carl Philip <\/h3> Har tidigare t\u00e4vlat i bland annat svenska STCC (2013-2016), d\u00e4r han ocks\u00e5 vann ett race i Falkenberg 2015. Foto: Erika Gerdemark, Kungahuset.se\n<img src=\"https:\/\/www.linuslundqvistracing.se\/wp-content\/uploads\/2018\/02\/Thed-100x100.jpg\" width=\"100\" height=\"100\" title=\"Thed Bj\u00f6rk\" alt=\"V\u00e4rldsm\u00e4stare i standardbilsracing (FIA WTCC) 2017. Sveriges f\u00f6rste och hittills ende v\u00e4rldsm\u00e4stare i banracing genom tiderna. Fyrfaldig STCC-m\u00e4stare. K\u00f6r FIA WTCR.\" srcset=\"https:\/\/www.linuslundqvistracing.se\/wp-content\/uploads\/2018\/02\/Thed-100x100.jpg 100w, https:\/\/www.linuslundqvistracing.se\/wp-content\/uploads\/2018\/02\/Thed-150x150.jpg 150w, https:\/\/www.linuslundqvistracing.se\/wp-content\/uploads\/2018\/02\/Thed-300x300.jpg 300w, https:\/\/www.linuslundqvistracing.se\/wp-content\/uploads\/2018\/02\/Thed.jpg 600w\" sizes=\"(max-width: 100px) 100vw, 100px\" \/> <h3> Thed Bj\u00f6rk <\/h3> V\u00e4rldsm\u00e4stare i standardbilsracing (FIA WTCC) 2017. Sveriges f\u00f6rste och hittills ende v\u00e4rldsm\u00e4stare i banracing genom tiderna. Fyrfaldig STCC-m\u00e4stare. K\u00f6r FIA WTCR.\n<img src=\"https:\/\/www.linuslundqvistracing.se\/wp-content\/uploads\/2018\/03\/MP100-1-100x100.jpg\" width=\"100\" height=\"100\" title=\"Mattias Persson\" alt=\"PR- och kommunikationskonsult inom motorsport. Driver PR-firman Motorsport Publication som l\u00e4nge varit ledande inom marknadsf\u00f6ring av svenska racingf\u00f6rare.\" srcset=\"https:\/\/www.linuslundqvistracing.se\/wp-content\/uploads\/2018\/03\/MP100-1-100x100.jpg 100w, https:\/\/www.linuslundqvistracing.se\/wp-content\/uploads\/2018\/03\/MP100-1-150x150.jpg 150w, https:\/\/www.linuslundqvistracing.se\/wp-content\/uploads\/2018\/03\/MP100-1-300x300.jpg 300w, https:\/\/www.linuslundqvistracing.se\/wp-content\/uploads\/2018\/03\/MP100-1.jpg 500w\" sizes=\"(max-width: 100px) 100vw, 100px\" \/> <h3> Mattias Persson <\/h3> PR- och kommunikationskonsult inom motorsport. Driver PR-firman Motorsport Publication som l\u00e4nge varit ledande inom marknadsf\u00f6ring av svenska racingf\u00f6rare.\n<img src=\"https:\/\/www.linuslundqvistracing.se\/wp-content\/uploads\/2018\/02\/Felix-100x100.jpg\" width=\"100\" height=\"100\" title=\"Felix Rosenqvist\" alt=\"K\u00f6r amerikanska IndyCar. Den mest framg\u00e5ngsrike Formel 3-f\u00f6raren genom tiderna; Europam\u00e4stare s\u00e4songen 2015. Tv\u00e5faldig segrare i F3-klassikern Macau Grand Prix.\" srcset=\"https:\/\/www.linuslundqvistracing.se\/wp-content\/uploads\/2018\/02\/Felix-100x100.jpg 100w, https:\/\/www.linuslundqvistracing.se\/wp-content\/uploads\/2018\/02\/Felix-150x150.jpg 150w, https:\/\/www.linuslundqvistracing.se\/wp-content\/uploads\/2018\/02\/Felix-300x300.jpg 300w, https:\/\/www.linuslundqvistracing.se\/wp-content\/uploads\/2018\/02\/Felix.jpg 600w\" sizes=\"(max-width: 100px) 100vw, 100px\" \/> <h3> Felix Rosenqvist <\/h3> K\u00f6r amerikanska IndyCar. Den mest framg\u00e5ngsrike Formel 3-f\u00f6raren genom tiderna; Europam\u00e4stare s\u00e4songen 2015. Tv\u00e5faldig segrare i F3-klassikern Macau Grand Prix.\n<h1>Advisory Board<br\/>Business<\/h1>\n<h6 style=\"text-align: center;\">Mikael Grev<br \/>Jonas Lange<br \/>Martin Ohlsson<br \/>Kurt Tingdal<br \/>Roger \u00c5str\u00f6m<\/h6>\n<h1>Advisory Board<br\/>Media<\/h1>\n<h6 style=\"text-align: center;\">Mattias Persson<\/h6>","_links":{"self":[{"href":"https:\/\/www.linuslundqvistracing.se\/sv\/wp-json\/wp\/v2\/pages\/1357","targetHints":{"allow":["GET"]}}],"collection":[{"href":"https:\/\/www.linuslundqvistracing.se\/sv\/wp-json\/wp\/v2\/pages"}],"about":[{"href":"https:\/\/www.linuslundqvistracing.se\/sv\/wp-json\/wp\/v2\/types\/page"}],"author":[{"embeddable":true,"href":"https:\/\/www.linuslundqvistracing.se\/sv\/wp-json\/wp\/v2\/users\/1"}],"replies":[{"embeddable":true,"href":"https:\/\/www.linuslundqvistracing.se\/sv\/wp-json\/wp\/v2\/comments?post=1357"}],"version-history":[{"count":52,"href":"https:\/\/www.linuslundqvistracing.se\/sv\/wp-json\/wp\/v2\/pages\/1357\/revisions"}],"predecessor-version":[{"id":5677,"href":"https:\/\/www.linuslundqvistracing.se\/sv\/wp-json\/wp\/v2\/pages\/1357\/revisions\/5677"}],"wp:attachment":[{"href":"https:\/\/www.linuslundqvistracing.se\/sv\/wp-json\/wp\/v2\/media?parent=1357"}],"curies":[{"name":"wp","href":"https:\/\/api.w.org\/{rel}","templated":true}]}}