{"id":1172,"date":"2018-02-24T14:53:28","date_gmt":"2018-02-24T13:53:28","guid":{"rendered":"http:\/\/www.linuslundqvistracing.se\/?page_id=1172"},"modified":"2023-10-26T16:19:24","modified_gmt":"2023-10-26T14:19:24","slug":"2015-2","status":"publish","type":"page","link":"https:\/\/www.linuslundqvistracing.se\/sv\/2015-2","title":{"rendered":"2015"},"content":{"rendered":"<p><\/p>\n<p>&nbsp;<\/p>\n<!--themify_builder_content-->\n<div id=\"themify_builder_content-1172\" data-postid=\"1172\" class=\"themify_builder_content themify_builder_content-1172 themify_builder tf_clear\">\n    \t\t\t\t<!-- module_row -->\n\t\t<div  data-lazy=\"1\" class=\"module_row themify_builder_row tb_3p1k510 tb_first tf_w tf_clearfix\">\n\t\t\t\t\t<div class=\"row_inner col_align_top tb_col_count_1 tf_box tf_rel\">\n\t\t\t\t\t<div  data-lazy=\"1\" class=\"module_column tb-column col-full tb_v7d2510 first\">\n\t\t\t\t\t\t\t\t\t<div class=\"tb-column-inner tf_box tf_w\">\n\t\t\t\t<!-- module fancy heading -->\n<div  class=\"module module-fancy-heading tb_21sq510 \" data-lazy=\"1\">\n\t    <h1 class=\"fancy-heading tf_textc\">\n    <span class=\"main-head tf_block\">\n\t\t\t\t\t2015\t\t    <\/span>\n\n\t\n    <span class=\"sub-head tf_block tf_rel\">\n\t\t\t\t\tFormula Renault 1.6 (Nordic)\t\t    <\/span>\n    <\/h1>\n<\/div>\n<!-- \/module fancy heading -->\n\t\t\t\t<\/div><!-- .tb-column-inner -->\n\t\t\t\t\t\t<\/div><!-- .module_column -->\n\t\t\t\t\t\t<\/div><!-- .row_inner -->\n\t\t<\/div><!-- .module_row -->\n\t\t\t\t\t\t\t\t<!-- module_row -->\n\t\t<div  data-lazy=\"1\" class=\"module_row themify_builder_row tb_oop9859 tf_w tf_clearfix\">\n\t\t\t\t\t<div class=\"row_inner col_align_top tb_col_count_1 tf_box tf_rel\">\n\t\t\t\t\t<div  data-lazy=\"1\" class=\"module_column tb-column col-full tb_1svx859 first\">\n\t\t\t\t\t\t\t\t\t<div class=\"tb-column-inner tf_box tf_w\">\n\t\t\t\t<!-- module tab -->\n<div  id=\"tb_93ms859\" class=\"module ui module-tab tb_93ms859 minimal tab-style-default rounded transparent \" data-lazy=\"1\">\n        <div class=\"builder-tabs-wrap tf_rel\">\n\t\t<div class=\"tab-nav-current-active tf_hide\">\n\t\t\t<span class=\"tab_burger_icon tf_hide tf_rel\"><\/span>\n\t\t\t<span class=\"tb_tab_title\"><\/span>\n\t\t<\/div>\n\t\t<ul class=\"tab-nav tf_clearfix\">\n\t\t\t\t\t\t<li class=\"current\" aria-expanded=\"true\">\n\t\t\t\t<a href=\"#tab-tb_93ms859-0\">\n\t\t\t\t\t<em><svg  class=\"tf_fa tf-fas-bars\" aria-hidden=\"true\"><use href=\"#tf-fas-bars\"><\/use><\/svg><\/em>\t\t\t\t\t<span><\/span>\n\t\t\t\t<\/a>\n\t\t\t<\/li>\n\t\t\t\t\t\t<li aria-expanded=\"false\">\n\t\t\t\t<a href=\"#tab-tb_93ms859-1\">\n\t\t\t\t\t<em><svg  class=\"tf_fa tf-fas-trophy\" aria-hidden=\"true\"><use href=\"#tf-fas-trophy\"><\/use><\/svg><\/em>\t\t\t\t\t<span>Resultat<\/span>\n\t\t\t\t<\/a>\n\t\t\t<\/li>\n\t\t\t\t\t\t<li aria-expanded=\"false\">\n\t\t\t\t<a href=\"#tab-tb_93ms859-2\">\n\t\t\t\t\t\t\t\t\t\t<span>Tabell<\/span>\n\t\t\t\t<\/a>\n\t\t\t<\/li>\n\t\t\t\t\t\t<li aria-expanded=\"false\">\n\t\t\t\t<a href=\"#tab-tb_93ms859-3\">\n\t\t\t\t\t<em><svg  class=\"tf_fa tf-fas-hashtag\" aria-hidden=\"true\"><use href=\"#tf-fas-hashtag\"><\/use><\/svg><\/em>\t\t\t\t\t<span><\/span>\n\t\t\t\t<\/a>\n\t\t\t<\/li>\n\t\t\t\t\t<\/ul>\n\n\t\t\t\t\t<div data-id=\"tab-tb_93ms859-0\" class=\"tab-content tf_overflow tf_clear\" aria-hidden=\"false\">\n\t\t\t\t<div class=\"tb_text_wrap\">\n\t\t\t\t\t<p>F\u00f6rsta \u00e5ret i bilracing. Valet av m\u00e4sterskap faller p\u00e5 svenska Formel Renault 1.6, som k\u00f6rs som supportklass till STCC inf\u00f6r den st\u00f6rsta motorpubliken i landet. Linus k\u00f6r f\u00f6r Team Tid\u00f6 och visar snabbt prov p\u00e5 god anpassningsf\u00f6rm\u00e5ga genom att s\u00e4tta snabbaste varv redan i premi\u00e4ren i Sk\u00f6vde och st\u00e5 p\u00e5 pallen i sitt sj\u00e4tte race.\u00a0<\/p>\n<p><img loading=\"lazy\" decoding=\"async\" class=\"size-full wp-image-1189 alignleft\" src=\"https:\/\/www.linuslundqvistracing.se\/wp-content\/uploads\/2018\/02\/450-1.jpg\" alt=\"\" width=\"450\" height=\"207\" srcset=\"https:\/\/www.linuslundqvistracing.se\/wp-content\/uploads\/2018\/02\/450-1.jpg 450w, https:\/\/www.linuslundqvistracing.se\/wp-content\/uploads\/2018\/02\/450-1-300x138.jpg 300w\" sizes=\"auto, (max-width: 450px) 100vw, 450px\" \/>Det blir ytterligare fyra bes\u00f6k p\u00e5 pallen innan debuts\u00e4songen i formelbilsracing l\u00e4ggs till handlingarna &#8211; tillr\u00e4ckligt f\u00f6r en lovande fj\u00e4rdeplats i det sammanlagda m\u00e4sterskapet. Bland de svenska f\u00f6rarna blir Linus tv\u00e5a, vilket resulterar i JSM-silver.<\/p>\n<p>En sp\u00e4nnande resa \u00e4r inledd &#8211; och det ska visa sig att de riktigt stora framg\u00e5ngarna v\u00e4ntar runt h\u00f6rnet&#8230;<\/p>\t\t\t\t<\/div>\n\t\t\t<\/div>\n\t\t\t\t\t<div data-id=\"tab-tb_93ms859-1\" class=\"tab-content tf_overflow tf_clear\" aria-hidden=\"true\">\n\t\t\t\t<div class=\"tb_text_wrap\">\n\t\t\t\t\t<p><img loading=\"lazy\" decoding=\"async\" class=\"wp-image-1197 alignright\" src=\"https:\/\/www.linuslundqvistracing.se\/wp-content\/uploads\/2018\/02\/Tid\u00f618-1024x682.jpg\" alt=\"\" width=\"700\" height=\"467\" srcset=\"https:\/\/www.linuslundqvistracing.se\/wp-content\/uploads\/2018\/02\/Tid\u00f618-1024x682.jpg 1024w, https:\/\/www.linuslundqvistracing.se\/wp-content\/uploads\/2018\/02\/Tid\u00f618-1024x682-300x200.jpg 300w, https:\/\/www.linuslundqvistracing.se\/wp-content\/uploads\/2018\/02\/Tid\u00f618-768x512.jpg 768w, https:\/\/www.linuslundqvistracing.se\/wp-content\/uploads\/2018\/02\/Tid\u00f618.jpg 2000w\" sizes=\"auto, (max-width: 700px) 100vw, 700px\" \/><br><strong>Rd. 1<\/strong> Sk\u00f6vde<br>8 \/ 4<\/p>\n<p><strong>Rd. 2<\/strong> Anderstorp<br>5 \/ 5 \/ 9<\/p>\n<p><strong>Rd. 3<\/strong> Ahvenisto (Finland)<br>3 \/ 3<\/p>\n<p><strong>Rd. 4<\/strong> Falkenberg<br>DNF\u00a0\/ 6 \/ DNF<\/p>\n<p><strong>Rd. 5<\/strong> Kinnekulle Ring<br>2 \/ 4<\/p>\n<p><strong>Rd. 6<\/strong> Solvalla<br>8<\/p>\n<p><strong>Rd. 7<\/strong>\u00a0Ring Knutstorp<br>2 \/ 2<\/p>\t\t\t\t<\/div>\n\t\t\t<\/div>\n\t\t\t\t\t<div data-id=\"tab-tb_93ms859-2\" class=\"tab-content tf_overflow tf_clear\" aria-hidden=\"true\">\n\t\t\t\t<div class=\"tb_text_wrap\">\n\t\t\t\t\t<p>1: Oliver S\u00f6derstr\u00f6m (SWE\/PWR Junior), 282 p.<br>2: Ilmari Korpivaara (FIN\/FinnDrive), 258 p.<br>3: Juuso Puhakka (FIN\/FinnDrive), 195 p.<br><strong>4: Linus Lundqvist (SWE\/Team Tid\u00f6), 150 p.<\/strong><br>5: Robert Svensson (SWE\/Svensson Racing), 146 p.<br>6: Laurents H\u00f6rr (GER\/Dutt Motorsport), 115 p.<br>7: R.Fredriksson (SWE\/Fredriksson Racing), 100 p.<br>8: Reuben Kressner (SWE\/MPS Motorsport), 60 p.<br>9: Edward Jonasson (SWE\/Trojnar Racing), 58 p.\u00a0<br>10: Rasmus Ericsson (SWE\/Lyran Eng.), 38 p.<\/p>\n<p><em>(topp tio)<\/em><\/p>\t\t\t\t<\/div>\n\t\t\t<\/div>\n\t\t\t\t\t<div data-id=\"tab-tb_93ms859-3\" class=\"tab-content tf_overflow tf_clear\" aria-hidden=\"true\">\n\t\t\t\t<div class=\"tb_text_wrap\">\n\t\t\t\t\t<p><strong>JSM-silver<\/strong><br><strong>Nordeuropeisk zon-trea<\/strong><\/p>\n<p>Antal race: <strong>15<\/strong><br>Segrar: <b>0<\/b><br>Pallplatser: <strong>5<\/strong><br>Pole positions: <strong>0<\/strong><br>Snabbaste varv: <strong>4<\/strong><br>M\u00e4sterskapsplacering: <strong>4:a<\/strong><\/p>\t\t\t\t<\/div>\n\t\t\t<\/div>\n\t\t    <\/div>\n<\/div>\n<!-- \/module tab -->\n<!-- module gallery -->\n<div  class=\"module gallery module-gallery tb_mvhg398 layout-grid  \" data-lazy=\"1\">\n    <div class=\"module-gallery-grid gallery-columns-4 gallery-m-columns-3 tf_clear\">\n\t\t\t<dl class=\"gallery-item\">\n\t\t\t<dt class=\"gallery-icon\">\n\t\t\t<a data-title=\"\" title=\"\" href=\"https:\/\/www.linuslundqvistracing.se\/wp-content\/uploads\/2018\/02\/Linus2-1.jpg\" data-rel=\"tb_mvhg398\" class=\"themify_lightbox\"><img loading=\"lazy\" decoding=\"async\" src=\"https:\/\/www.linuslundqvistracing.se\/wp-content\/uploads\/2018\/02\/Linus2-1-1024x682-300x200.jpg\" width=\"300\" height=\"200\" class=\"wp-post-image wp-image-1199\" title=\"2015\" alt=\"2015\" srcset=\"https:\/\/www.linuslundqvistracing.se\/wp-content\/uploads\/2018\/02\/Linus2-1-1024x682-300x200.jpg 300w, https:\/\/www.linuslundqvistracing.se\/wp-content\/uploads\/2018\/02\/Linus2-1-768x512.jpg 768w, https:\/\/www.linuslundqvistracing.se\/wp-content\/uploads\/2018\/02\/Linus2-1-1024x682.jpg 1024w, https:\/\/www.linuslundqvistracing.se\/wp-content\/uploads\/2018\/02\/Linus2-1.jpg 2000w\" sizes=\"auto, (max-width: 300px) 100vw, 300px\" \/><\/a>\t\t\t<\/dt>\n\t\t\t<dd>\n\t\t\t\t\t\t\t\t\t\t\t<\/dd>\n\t\t<\/dl>\n\t\t\t<dl class=\"gallery-item\">\n\t\t\t<dt class=\"gallery-icon\">\n\t\t\t<a data-title=\"\" title=\"\" href=\"https:\/\/www.linuslundqvistracing.se\/wp-content\/uploads\/2018\/02\/Tid\u00f652.jpg\" data-rel=\"tb_mvhg398\" class=\"themify_lightbox\"><img loading=\"lazy\" decoding=\"async\" src=\"https:\/\/www.linuslundqvistracing.se\/wp-content\/uploads\/2018\/02\/Tid\u00f652-1024x682-300x200.jpg\" width=\"300\" height=\"200\" class=\"wp-post-image wp-image-1192\" title=\"2015\" alt=\"2015\" srcset=\"https:\/\/www.linuslundqvistracing.se\/wp-content\/uploads\/2018\/02\/Tid\u00f652-1024x682-300x200.jpg 300w, https:\/\/www.linuslundqvistracing.se\/wp-content\/uploads\/2018\/02\/Tid\u00f652-768x512.jpg 768w, https:\/\/www.linuslundqvistracing.se\/wp-content\/uploads\/2018\/02\/Tid\u00f652-1024x682.jpg 1024w, https:\/\/www.linuslundqvistracing.se\/wp-content\/uploads\/2018\/02\/Tid\u00f652.jpg 2000w\" sizes=\"auto, (max-width: 300px) 100vw, 300px\" \/><\/a>\t\t\t<\/dt>\n\t\t\t<dd>\n\t\t\t\t\t\t\t\t\t\t\t<\/dd>\n\t\t<\/dl>\n\t\t\t<dl class=\"gallery-item\">\n\t\t\t<dt class=\"gallery-icon\">\n\t\t\t<a data-title=\"\" title=\"\" href=\"https:\/\/www.linuslundqvistracing.se\/wp-content\/uploads\/2018\/02\/Tid\u00f640.jpg\" data-rel=\"tb_mvhg398\" class=\"themify_lightbox\"><img loading=\"lazy\" decoding=\"async\" src=\"https:\/\/www.linuslundqvistracing.se\/wp-content\/uploads\/2018\/02\/Tid\u00f640-1024x682-300x200.jpg\" width=\"300\" height=\"200\" class=\"wp-post-image wp-image-1195\" title=\"2015\" alt=\"2015\" srcset=\"https:\/\/www.linuslundqvistracing.se\/wp-content\/uploads\/2018\/02\/Tid\u00f640-1024x682-300x200.jpg 300w, https:\/\/www.linuslundqvistracing.se\/wp-content\/uploads\/2018\/02\/Tid\u00f640-768x512.jpg 768w, https:\/\/www.linuslundqvistracing.se\/wp-content\/uploads\/2018\/02\/Tid\u00f640-1024x682.jpg 1024w, https:\/\/www.linuslundqvistracing.se\/wp-content\/uploads\/2018\/02\/Tid\u00f640.jpg 2000w\" sizes=\"auto, (max-width: 300px) 100vw, 300px\" \/><\/a>\t\t\t<\/dt>\n\t\t\t<dd>\n\t\t\t\t\t\t\t\t\t\t\t<\/dd>\n\t\t<\/dl>\n\t\t\t<dl class=\"gallery-item\">\n\t\t\t<dt class=\"gallery-icon\">\n\t\t\t<a data-title=\"\" title=\"\" href=\"https:\/\/www.linuslundqvistracing.se\/wp-content\/uploads\/2018\/02\/Tid\u00f642.jpg\" data-rel=\"tb_mvhg398\" class=\"themify_lightbox\"><img loading=\"lazy\" decoding=\"async\" src=\"https:\/\/www.linuslundqvistracing.se\/wp-content\/uploads\/2018\/02\/Tid\u00f642-1024x682-300x200.jpg\" width=\"300\" height=\"200\" class=\"wp-post-image wp-image-1194\" title=\"2015\" alt=\"2015\" srcset=\"https:\/\/www.linuslundqvistracing.se\/wp-content\/uploads\/2018\/02\/Tid\u00f642-1024x682-300x200.jpg 300w, https:\/\/www.linuslundqvistracing.se\/wp-content\/uploads\/2018\/02\/Tid\u00f642-768x512.jpg 768w, https:\/\/www.linuslundqvistracing.se\/wp-content\/uploads\/2018\/02\/Tid\u00f642-1024x682.jpg 1024w, https:\/\/www.linuslundqvistracing.se\/wp-content\/uploads\/2018\/02\/Tid\u00f642.jpg 2000w\" sizes=\"auto, (max-width: 300px) 100vw, 300px\" \/><\/a>\t\t\t<\/dt>\n\t\t\t<dd>\n\t\t\t\t\t\t\t\t\t\t\t<\/dd>\n\t\t<\/dl>\n\t\t\t<dl class=\"gallery-item\">\n\t\t\t<dt class=\"gallery-icon\">\n\t\t\t<a data-title=\"\" title=\"\" href=\"https:\/\/www.linuslundqvistracing.se\/wp-content\/uploads\/2018\/02\/Linus-Lundqvist-Team-Tid\u00f6-1.jpg\" data-rel=\"tb_mvhg398\" class=\"themify_lightbox\"><img loading=\"lazy\" decoding=\"async\" src=\"https:\/\/www.linuslundqvistracing.se\/wp-content\/uploads\/2018\/02\/Linus-Lundqvist-Team-Tid\u00f6-1-1024x684-300x200.jpg\" width=\"300\" height=\"200\" class=\"wp-post-image wp-image-1201\" title=\"2015\" alt=\"2015\" srcset=\"https:\/\/www.linuslundqvistracing.se\/wp-content\/uploads\/2018\/02\/Linus-Lundqvist-Team-Tid\u00f6-1-1024x684-300x200.jpg 300w, https:\/\/www.linuslundqvistracing.se\/wp-content\/uploads\/2018\/02\/Linus-Lundqvist-Team-Tid\u00f6-1-768x513.jpg 768w, https:\/\/www.linuslundqvistracing.se\/wp-content\/uploads\/2018\/02\/Linus-Lundqvist-Team-Tid\u00f6-1-1024x684.jpg 1024w, https:\/\/www.linuslundqvistracing.se\/wp-content\/uploads\/2018\/02\/Linus-Lundqvist-Team-Tid\u00f6-1.jpg 1600w\" sizes=\"auto, (max-width: 300px) 100vw, 300px\" \/><\/a>\t\t\t<\/dt>\n\t\t\t<dd>\n\t\t\t\t\t\t\t\t\t\t\t<\/dd>\n\t\t<\/dl>\n\t\t\t<dl class=\"gallery-item\">\n\t\t\t<dt class=\"gallery-icon\">\n\t\t\t<a data-title=\"\" title=\"\" href=\"https:\/\/www.linuslundqvistracing.se\/wp-content\/uploads\/2018\/02\/Tid\u00f614.jpg\" data-rel=\"tb_mvhg398\" class=\"themify_lightbox\"><img loading=\"lazy\" decoding=\"async\" src=\"https:\/\/www.linuslundqvistracing.se\/wp-content\/uploads\/2018\/02\/Tid\u00f614-1024x682-300x200.jpg\" width=\"300\" height=\"200\" class=\"wp-post-image wp-image-1198\" title=\"2015\" alt=\"2015\" srcset=\"https:\/\/www.linuslundqvistracing.se\/wp-content\/uploads\/2018\/02\/Tid\u00f614-1024x682-300x200.jpg 300w, https:\/\/www.linuslundqvistracing.se\/wp-content\/uploads\/2018\/02\/Tid\u00f614-768x512.jpg 768w, https:\/\/www.linuslundqvistracing.se\/wp-content\/uploads\/2018\/02\/Tid\u00f614-1024x682.jpg 1024w, https:\/\/www.linuslundqvistracing.se\/wp-content\/uploads\/2018\/02\/Tid\u00f614.jpg 2000w\" sizes=\"auto, (max-width: 300px) 100vw, 300px\" \/><\/a>\t\t\t<\/dt>\n\t\t\t<dd>\n\t\t\t\t\t\t\t\t\t\t\t<\/dd>\n\t\t<\/dl>\n\t\t\t<dl class=\"gallery-item\">\n\t\t\t<dt class=\"gallery-icon\">\n\t\t\t<a data-title=\"\" title=\"\" href=\"https:\/\/www.linuslundqvistracing.se\/wp-content\/uploads\/2018\/02\/Tid\u00f654.jpg\" data-rel=\"tb_mvhg398\" class=\"themify_lightbox\"><img loading=\"lazy\" decoding=\"async\" src=\"https:\/\/www.linuslundqvistracing.se\/wp-content\/uploads\/2018\/02\/Tid\u00f654-1024x682-300x200.jpg\" width=\"300\" height=\"200\" class=\"wp-post-image wp-image-1190\" title=\"2015\" alt=\"2015\" srcset=\"https:\/\/www.linuslundqvistracing.se\/wp-content\/uploads\/2018\/02\/Tid\u00f654-1024x682-300x200.jpg 300w, https:\/\/www.linuslundqvistracing.se\/wp-content\/uploads\/2018\/02\/Tid\u00f654-768x512.jpg 768w, https:\/\/www.linuslundqvistracing.se\/wp-content\/uploads\/2018\/02\/Tid\u00f654-1024x682.jpg 1024w, https:\/\/www.linuslundqvistracing.se\/wp-content\/uploads\/2018\/02\/Tid\u00f654.jpg 2000w\" sizes=\"auto, (max-width: 300px) 100vw, 300px\" \/><\/a>\t\t\t<\/dt>\n\t\t\t<dd>\n\t\t\t\t\t\t\t\t\t\t\t<\/dd>\n\t\t<\/dl>\n\t\t\t<dl class=\"gallery-item\">\n\t\t\t<dt class=\"gallery-icon\">\n\t\t\t<a data-title=\"\" title=\"\" href=\"https:\/\/www.linuslundqvistracing.se\/wp-content\/uploads\/2018\/02\/Tid\u00f657.jpg\" data-rel=\"tb_mvhg398\" class=\"themify_lightbox\"><img loading=\"lazy\" decoding=\"async\" src=\"https:\/\/www.linuslundqvistracing.se\/wp-content\/uploads\/2018\/02\/Tid\u00f657-1024x682-300x200.jpg\" width=\"300\" height=\"200\" class=\"wp-post-image wp-image-1191\" title=\"2015\" alt=\"2015\" srcset=\"https:\/\/www.linuslundqvistracing.se\/wp-content\/uploads\/2018\/02\/Tid\u00f657-1024x682-300x200.jpg 300w, https:\/\/www.linuslundqvistracing.se\/wp-content\/uploads\/2018\/02\/Tid\u00f657-768x512.jpg 768w, https:\/\/www.linuslundqvistracing.se\/wp-content\/uploads\/2018\/02\/Tid\u00f657-1024x682.jpg 1024w, https:\/\/www.linuslundqvistracing.se\/wp-content\/uploads\/2018\/02\/Tid\u00f657.jpg 2000w\" sizes=\"auto, (max-width: 300px) 100vw, 300px\" \/><\/a>\t\t\t<\/dt>\n\t\t\t<dd>\n\t\t\t\t\t\t\t\t\t\t\t<\/dd>\n\t\t<\/dl>\n\t\t\t<dl class=\"gallery-item\">\n\t\t\t<dt class=\"gallery-icon\">\n\t\t\t<a data-title=\"\" title=\"\" href=\"https:\/\/www.linuslundqvistracing.se\/wp-content\/uploads\/2018\/02\/Tid\u00f644.jpg\" data-rel=\"tb_mvhg398\" class=\"themify_lightbox\"><img loading=\"lazy\" decoding=\"async\" src=\"https:\/\/www.linuslundqvistracing.se\/wp-content\/uploads\/2018\/02\/Tid\u00f644-1024x682-300x200.jpg\" width=\"300\" height=\"200\" class=\"wp-post-image wp-image-1193\" title=\"2015\" alt=\"2015\" srcset=\"https:\/\/www.linuslundqvistracing.se\/wp-content\/uploads\/2018\/02\/Tid\u00f644-1024x682-300x200.jpg 300w, https:\/\/www.linuslundqvistracing.se\/wp-content\/uploads\/2018\/02\/Tid\u00f644-768x512.jpg 768w, https:\/\/www.linuslundqvistracing.se\/wp-content\/uploads\/2018\/02\/Tid\u00f644-1024x682.jpg 1024w, https:\/\/www.linuslundqvistracing.se\/wp-content\/uploads\/2018\/02\/Tid\u00f644.jpg 2000w\" sizes=\"auto, (max-width: 300px) 100vw, 300px\" \/><\/a>\t\t\t<\/dt>\n\t\t\t<dd>\n\t\t\t\t\t\t\t\t\t\t\t<\/dd>\n\t\t<\/dl>\n\t\t\t<dl class=\"gallery-item\">\n\t\t\t<dt class=\"gallery-icon\">\n\t\t\t<a data-title=\"\" title=\"\" href=\"https:\/\/www.linuslundqvistracing.se\/wp-content\/uploads\/2018\/02\/Tid\u00f618.jpg\" data-rel=\"tb_mvhg398\" class=\"themify_lightbox\"><img loading=\"lazy\" decoding=\"async\" src=\"https:\/\/www.linuslundqvistracing.se\/wp-content\/uploads\/2018\/02\/Tid\u00f618-1024x682-300x200.jpg\" width=\"300\" height=\"200\" class=\"wp-post-image wp-image-1197\" title=\"2015\" alt=\"2015\" srcset=\"https:\/\/www.linuslundqvistracing.se\/wp-content\/uploads\/2018\/02\/Tid\u00f618-1024x682-300x200.jpg 300w, https:\/\/www.linuslundqvistracing.se\/wp-content\/uploads\/2018\/02\/Tid\u00f618-768x512.jpg 768w, https:\/\/www.linuslundqvistracing.se\/wp-content\/uploads\/2018\/02\/Tid\u00f618-1024x682.jpg 1024w, https:\/\/www.linuslundqvistracing.se\/wp-content\/uploads\/2018\/02\/Tid\u00f618.jpg 2000w\" sizes=\"auto, (max-width: 300px) 100vw, 300px\" \/><\/a>\t\t\t<\/dt>\n\t\t\t<dd>\n\t\t\t\t\t\t\t\t\t\t\t<\/dd>\n\t\t<\/dl>\n\t\t\t<dl class=\"gallery-item\">\n\t\t\t<dt class=\"gallery-icon\">\n\t\t\t<a data-title=\"\" title=\"\" href=\"https:\/\/www.linuslundqvistracing.se\/wp-content\/uploads\/2018\/02\/Tid\u00f638.jpg\" data-rel=\"tb_mvhg398\" class=\"themify_lightbox\"><img loading=\"lazy\" decoding=\"async\" src=\"https:\/\/www.linuslundqvistracing.se\/wp-content\/uploads\/2018\/02\/Tid\u00f638-1024x682-300x200.jpg\" width=\"300\" height=\"200\" class=\"wp-post-image wp-image-1196\" title=\"2015\" alt=\"2015\" srcset=\"https:\/\/www.linuslundqvistracing.se\/wp-content\/uploads\/2018\/02\/Tid\u00f638-1024x682-300x200.jpg 300w, https:\/\/www.linuslundqvistracing.se\/wp-content\/uploads\/2018\/02\/Tid\u00f638-768x512.jpg 768w, https:\/\/www.linuslundqvistracing.se\/wp-content\/uploads\/2018\/02\/Tid\u00f638-1024x682.jpg 1024w, https:\/\/www.linuslundqvistracing.se\/wp-content\/uploads\/2018\/02\/Tid\u00f638.jpg 2000w\" sizes=\"auto, (max-width: 300px) 100vw, 300px\" \/><\/a>\t\t\t<\/dt>\n\t\t\t<dd>\n\t\t\t\t\t\t\t\t\t\t\t<\/dd>\n\t\t<\/dl>\n\t\t\t<dl class=\"gallery-item\">\n\t\t\t<dt class=\"gallery-icon\">\n\t\t\t<a data-title=\"\" title=\"\" href=\"https:\/\/www.linuslundqvistracing.se\/wp-content\/uploads\/2018\/02\/photolamal_201501218651.jpg\" data-rel=\"tb_mvhg398\" class=\"themify_lightbox\"><img loading=\"lazy\" decoding=\"async\" src=\"https:\/\/www.linuslundqvistracing.se\/wp-content\/uploads\/2018\/02\/photolamal_201501218651-1024x683-300x200.jpg\" width=\"300\" height=\"200\" class=\"wp-post-image wp-image-1200\" title=\"2015\" alt=\"2015\" srcset=\"https:\/\/www.linuslundqvistracing.se\/wp-content\/uploads\/2018\/02\/photolamal_201501218651-1024x683-300x200.jpg 300w, https:\/\/www.linuslundqvistracing.se\/wp-content\/uploads\/2018\/02\/photolamal_201501218651-768x513.jpg 768w, https:\/\/www.linuslundqvistracing.se\/wp-content\/uploads\/2018\/02\/photolamal_201501218651-1024x683.jpg 1024w\" sizes=\"auto, (max-width: 300px) 100vw, 300px\" \/><\/a>\t\t\t<\/dt>\n\t\t\t<dd>\n\t\t\t\t\t\t\t\t\t\t\t<\/dd>\n\t\t<\/dl>\n\t<\/div>\n<\/div>\n<!-- \/module gallery -->\t\t\t\t<\/div><!-- .tb-column-inner -->\n\t\t\t\t\t\t<\/div><!-- .module_column -->\n\t\t\t\t\t\t<\/div><!-- .row_inner -->\n\t\t<\/div><!-- .module_row -->\n\t\t\t\t<\/div>\n<!--\/themify_builder_content-->","protected":false},"excerpt":{"rendered":"<p>2015Formula Renault 1.6 (Nordic) F\u00f6rsta \u00e5ret i bilracing. Valet av m\u00e4sterskap faller p\u00e5 svenska Formel Renault 1.6, som k\u00f6rs som supportklass till STCC inf\u00f6r den st\u00f6rsta motorpubliken i landet. Linus k\u00f6r f\u00f6r Team Tid\u00f6 och visar snabbt prov p\u00e5 god anpassningsf\u00f6rm\u00e5ga genom att s\u00e4tta snabbaste varv redan i premi\u00e4ren i Sk\u00f6vde och st\u00e5 p\u00e5 pallen [&hellip;]<\/p>\n","protected":false},"author":1,"featured_media":0,"parent":0,"menu_order":0,"comment_status":"closed","ping_status":"closed","template":"","meta":{"_monsterinsights_skip_tracking":false,"_monsterinsights_sitenote_active":false,"_monsterinsights_sitenote_note":"","_monsterinsights_sitenote_category":0,"footnotes":"","_links_to":"","_links_to_target":""},"class_list":["post-1172","page","type-page","status-publish","hentry","has-post-title","has-post-date","has-post-category","has-post-tag","has-post-comment","has-post-author",""],"aioseo_notices":[],"builder_content":"<h1>2015<br\/>Formula Renault 1.6 (Nordic)<\/h1>\n<ul><li><h4><\/h4><p>F\u00f6rsta \u00e5ret i bilracing. Valet av m\u00e4sterskap faller p\u00e5 svenska Formel Renault 1.6, som k\u00f6rs som supportklass till STCC inf\u00f6r den st\u00f6rsta motorpubliken i landet. Linus k\u00f6r f\u00f6r Team Tid\u00f6 och visar snabbt prov p\u00e5 god anpassningsf\u00f6rm\u00e5ga genom att s\u00e4tta snabbaste varv redan i premi\u00e4ren i Sk\u00f6vde och st\u00e5 p\u00e5 pallen i sitt sj\u00e4tte race.\u00a0<\/p> <p><img src=\"https:\/\/www.linuslundqvistracing.se\/wp-content\/uploads\/2018\/02\/450-1.jpg\" alt=\"\" width=\"450\" height=\"207\">Det blir ytterligare fyra bes\u00f6k p\u00e5 pallen innan debuts\u00e4songen i formelbilsracing l\u00e4ggs till handlingarna - tillr\u00e4ckligt f\u00f6r en lovande fj\u00e4rdeplats i det sammanlagda m\u00e4sterskapet. Bland de svenska f\u00f6rarna blir Linus tv\u00e5a, vilket resulterar i JSM-silver.<\/p> <p>En sp\u00e4nnande resa \u00e4r inledd - och det ska visa sig att de riktigt stora framg\u00e5ngarna v\u00e4ntar runt h\u00f6rnet...<\/p><\/li><li><h4>Resultat<\/h4><p><img src=\"https:\/\/www.linuslundqvistracing.se\/wp-content\/uploads\/2018\/02\/Tid\u00f618-1024x682.jpg\" alt=\"\" width=\"700\" height=\"467\"><br><strong>Rd. 1<\/strong> Sk\u00f6vde<br>8 \/ 4<\/p> <p><strong>Rd. 2<\/strong> Anderstorp<br>5 \/ 5 \/ 9<\/p> <p><strong>Rd. 3<\/strong> Ahvenisto (Finland)<br>3 \/ 3<\/p> <p><strong>Rd. 4<\/strong> Falkenberg<br>DNF\u00a0\/ 6 \/ DNF<\/p> <p><strong>Rd. 5<\/strong> Kinnekulle Ring<br>2 \/ 4<\/p> <p><strong>Rd. 6<\/strong> Solvalla<br>8<\/p> <p><strong>Rd. 7<\/strong>\u00a0Ring Knutstorp<br>2 \/ 2<\/p><\/li><li><h4>Tabell<\/h4><p>1: Oliver S\u00f6derstr\u00f6m (SWE\/PWR Junior), 282 p.<br>2: Ilmari Korpivaara (FIN\/FinnDrive), 258 p.<br>3: Juuso Puhakka (FIN\/FinnDrive), 195 p.<br><strong>4: Linus Lundqvist (SWE\/Team Tid\u00f6), 150 p.<\/strong><br>5: Robert Svensson (SWE\/Svensson Racing), 146 p.<br>6: Laurents H\u00f6rr (GER\/Dutt Motorsport), 115 p.<br>7: R.Fredriksson (SWE\/Fredriksson Racing), 100 p.<br>8: Reuben Kressner (SWE\/MPS Motorsport), 60 p.<br>9: Edward Jonasson (SWE\/Trojnar Racing), 58 p.\u00a0<br>10: Rasmus Ericsson (SWE\/Lyran Eng.), 38 p.<\/p> <p><em>(topp tio)<\/em><\/p><\/li><li><h4><\/h4><p><strong>JSM-silver<\/strong><br><strong>Nordeuropeisk zon-trea<\/strong><\/p> <p>Antal race: <strong>15<\/strong><br>Segrar: <b>0<\/b><br>Pallplatser: <strong>5<\/strong><br>Pole positions: <strong>0<\/strong><br>Snabbaste varv: <strong>4<\/strong><br>M\u00e4sterskapsplacering: <strong>4:a<\/strong><\/p><\/li><\/ul>\n[gallery _orderbyfield=\"rand\" _orderByField=\"rand\" orderby=\"rand\" ids=\"1190,1191,1192,1193,1194,1195,1196,1197,1198,1199,1200,1201\"]","_links":{"self":[{"href":"https:\/\/www.linuslundqvistracing.se\/sv\/wp-json\/wp\/v2\/pages\/1172","targetHints":{"allow":["GET"]}}],"collection":[{"href":"https:\/\/www.linuslundqvistracing.se\/sv\/wp-json\/wp\/v2\/pages"}],"about":[{"href":"https:\/\/www.linuslundqvistracing.se\/sv\/wp-json\/wp\/v2\/types\/page"}],"author":[{"embeddable":true,"href":"https:\/\/www.linuslundqvistracing.se\/sv\/wp-json\/wp\/v2\/users\/1"}],"replies":[{"embeddable":true,"href":"https:\/\/www.linuslundqvistracing.se\/sv\/wp-json\/wp\/v2\/comments?post=1172"}],"version-history":[{"count":21,"href":"https:\/\/www.linuslundqvistracing.se\/sv\/wp-json\/wp\/v2\/pages\/1172\/revisions"}],"predecessor-version":[{"id":10743,"href":"https:\/\/www.linuslundqvistracing.se\/sv\/wp-json\/wp\/v2\/pages\/1172\/revisions\/10743"}],"wp:attachment":[{"href":"https:\/\/www.linuslundqvistracing.se\/sv\/wp-json\/wp\/v2\/media?parent=1172"}],"curies":[{"name":"wp","href":"https:\/\/api.w.org\/{rel}","templated":true}]}}