{"id":1131,"date":"2018-02-24T14:02:48","date_gmt":"2018-02-24T13:02:48","guid":{"rendered":"http:\/\/www.linuslundqvistracing.se\/?page_id=1131"},"modified":"2023-10-26T16:17:20","modified_gmt":"2023-10-26T14:17:20","slug":"2016-2","status":"publish","type":"page","link":"https:\/\/www.linuslundqvistracing.se\/sv\/2016-2","title":{"rendered":"2016"},"content":{"rendered":"<\/p>\n<p>&nbsp;<\/p>\n<!--themify_builder_content-->\n<div id=\"themify_builder_content-1131\" data-postid=\"1131\" class=\"themify_builder_content themify_builder_content-1131 themify_builder tf_clear\">\n    \t\t\t\t<!-- module_row -->\n\t\t<div  data-lazy=\"1\" class=\"module_row themify_builder_row tb_ubay615 tb_first tf_w tf_clearfix\">\n\t\t\t\t\t<div class=\"row_inner col_align_top tb_col_count_1 tf_box tf_rel\">\n\t\t\t\t\t<div  data-lazy=\"1\" class=\"module_column tb-column col-full tb_yooo615 first\">\n\t\t\t\t\t\t\t\t\t<div class=\"tb-column-inner tf_box tf_w\">\n\t\t\t\t<!-- module fancy heading -->\n<div  class=\"module module-fancy-heading tb_1ju9615 \" data-lazy=\"1\">\n\t    <h1 class=\"fancy-heading tf_textc\">\n    <span class=\"main-head tf_block\">\n\t\t\t\t\t2016\t\t    <\/span>\n\n\t\n    <span class=\"sub-head tf_block tf_rel\">\n\t\t\t\t\tM\u00e4stare - Formula STCC Nordic\t\t    <\/span>\n    <\/h1>\n<\/div>\n<!-- \/module fancy heading -->\n\t\t\t\t<\/div><!-- .tb-column-inner -->\n\t\t\t\t\t\t<\/div><!-- .module_column -->\n\t\t\t\t\t\t<\/div><!-- .row_inner -->\n\t\t<\/div><!-- .module_row -->\n\t\t\t\t\t\t\t\t<!-- module_row -->\n\t\t<div  data-lazy=\"1\" class=\"module_row themify_builder_row tb_xx62493 tf_w tf_clearfix\">\n\t\t\t\t\t<div class=\"row_inner col_align_top tb_col_count_1 tf_box tf_rel\">\n\t\t\t\t\t<div  data-lazy=\"1\" class=\"module_column tb-column col-full tb_ygbz493 first\">\n\t\t\t\t\t\t\t\t\t<div class=\"tb-column-inner tf_box tf_w\">\n\t\t\t\t<!-- module tab -->\n<div  id=\"tb_17wq493\" class=\"module ui module-tab tb_17wq493 minimal tab-style-default rounded transparent \" data-lazy=\"1\">\n        <div class=\"builder-tabs-wrap tf_rel\">\n\t\t<div class=\"tab-nav-current-active tf_hide\">\n\t\t\t<span class=\"tab_burger_icon tf_hide tf_rel\"><\/span>\n\t\t\t<span class=\"tb_tab_title\"><\/span>\n\t\t<\/div>\n\t\t<ul class=\"tab-nav tf_clearfix\">\n\t\t\t\t\t\t<li class=\"current\" aria-expanded=\"true\">\n\t\t\t\t<a href=\"#tab-tb_17wq493-0\">\n\t\t\t\t\t<em><svg  class=\"tf_fa tf-fas-bars\" aria-hidden=\"true\"><use href=\"#tf-fas-bars\"><\/use><\/svg><\/em>\t\t\t\t\t<span><\/span>\n\t\t\t\t<\/a>\n\t\t\t<\/li>\n\t\t\t\t\t\t<li aria-expanded=\"false\">\n\t\t\t\t<a href=\"#tab-tb_17wq493-1\">\n\t\t\t\t\t<em><svg  class=\"tf_fa tf-fas-trophy\" aria-hidden=\"true\"><use href=\"#tf-fas-trophy\"><\/use><\/svg><\/em>\t\t\t\t\t<span>Resultat<\/span>\n\t\t\t\t<\/a>\n\t\t\t<\/li>\n\t\t\t\t\t\t<li aria-expanded=\"false\">\n\t\t\t\t<a href=\"#tab-tb_17wq493-2\">\n\t\t\t\t\t\t\t\t\t\t<span>Tabell<\/span>\n\t\t\t\t<\/a>\n\t\t\t<\/li>\n\t\t\t\t\t\t<li aria-expanded=\"false\">\n\t\t\t\t<a href=\"#tab-tb_17wq493-3\">\n\t\t\t\t\t<em><svg  class=\"tf_fa tf-fas-hashtag\" aria-hidden=\"true\"><use href=\"#tf-fas-hashtag\"><\/use><\/svg><\/em>\t\t\t\t\t<span><\/span>\n\t\t\t\t<\/a>\n\t\t\t<\/li>\n\t\t\t\t\t<\/ul>\n\n\t\t\t\t\t<div data-id=\"tab-tb_17wq493-0\" class=\"tab-content tf_overflow tf_clear\" aria-hidden=\"false\">\n\t\t\t\t<div class=\"tb_text_wrap\">\n\t\t\t\t\t<p>Tre titlar, tio segrar p\u00e5 14 race, nytt po\u00e4ngrekord: 2016 var ett \u00e5r att minnas av alla r\u00e4tta anledningar. Linus dominerar svenska Formula STCC Nordic &#8211; som under vintern bytt namn fr\u00e5n Formel Renault 1.6 &#8211; och l\u00e4gger beslag p\u00e5 guldet redan i Karlskoga, i den femte av sju delt\u00e4vlingar.\u00a0<\/p>\n<p><img loading=\"lazy\" decoding=\"async\" class=\"size-full wp-image-1182 alignleft\" src=\"https:\/\/www.linuslundqvistracing.se\/wp-content\/uploads\/2018\/02\/201615.jpg\" alt=\"\" width=\"450\" height=\"260\" srcset=\"https:\/\/www.linuslundqvistracing.se\/wp-content\/uploads\/2018\/02\/201615.jpg 450w, https:\/\/www.linuslundqvistracing.se\/wp-content\/uploads\/2018\/02\/201615-300x173.jpg 300w\" sizes=\"auto, (max-width: 450px) 100vw, 450px\" \/>Formula STCC Nordic erbj\u00f6d den h\u00e4r s\u00e4songen tre m\u00e4sterskap i ett. Vid sidan av sj\u00e4lva serien i sig stod ocks\u00e5 titlar i b\u00e5de Junior-SM och NEZ (Nordeuropeisk Zon) p\u00e5 spel, och Linus gjorde rent hus n\u00e4r han i \u00f6verl\u00e4gsen stil tog hem samtliga.<\/p>\n<p>Linus t\u00e4vlade den h\u00e4r s\u00e4songen f\u00f6r LL Motorsport Junior Team, som drevs i egen regi av den egna familjen.<\/p>\n<p>Efter den \u00f6vertygande insatsen i Sverige togs beslutet att f\u00f6rs\u00f6ka sj\u00f6s\u00e4tta en internationell karri\u00e4r. Under h\u00f6sten 2016 genomf\u00f6rde Linus d\u00e4rf\u00f6r sina f\u00f6rsta tester i det brittiska Formel 4-m\u00e4sterskapet, till vilket han s\u00e5 sm\u00e5ningom ocks\u00e5 avancerade inf\u00f6r 2017.<\/p>\t\t\t\t<\/div>\n\t\t\t<\/div>\n\t\t\t\t\t<div data-id=\"tab-tb_17wq493-1\" class=\"tab-content tf_overflow tf_clear\" aria-hidden=\"true\">\n\t\t\t\t<div class=\"tb_text_wrap\">\n\t\t\t\t\t<p><img loading=\"lazy\" decoding=\"async\" class=\"wp-image-1152 alignright\" src=\"https:\/\/www.linuslundqvistracing.se\/wp-content\/uploads\/2018\/02\/Linus23-1024x683.jpg\" alt=\"\" width=\"700\" height=\"467\" srcset=\"https:\/\/www.linuslundqvistracing.se\/wp-content\/uploads\/2018\/02\/Linus23-1024x683.jpg 1024w, https:\/\/www.linuslundqvistracing.se\/wp-content\/uploads\/2018\/02\/Linus23-1024x683-300x200.jpg 300w, https:\/\/www.linuslundqvistracing.se\/wp-content\/uploads\/2018\/02\/Linus23-768x512.jpg 768w\" sizes=\"auto, (max-width: 700px) 100vw, 700px\" \/><br><strong>Rd. 1<\/strong> Sk\u00f6vde<br>2 \/ <strong>1<\/strong><\/p>\n<p><strong>Rd. 2<\/strong> Mantorp Park<br><strong>1<\/strong> \/ DSQ<\/p>\n<p><strong>Rd. 3<\/strong> Anderstorp<br><strong>1<\/strong> \/ <strong>1<\/strong><\/p>\n<p><strong>Rd. 4<\/strong> Falkenberg<br><strong>1<\/strong> \/ 2<\/p>\n<p><strong>Rd. 5<\/strong> Geller\u00e5sen<br><strong>1\u00a0<\/strong>\/ <strong>1<\/strong><\/p>\n<p><strong>Rd. 6<\/strong> Alastaro (Finland)<br>3 \/ <strong>1<\/strong><\/p>\n<p><strong>Rd. 7<\/strong>\u00a0Ring Knutstorp<br><strong>1<\/strong> \/ <strong>1<\/strong><\/p>\t\t\t\t<\/div>\n\t\t\t<\/div>\n\t\t\t\t\t<div data-id=\"tab-tb_17wq493-2\" class=\"tab-content tf_overflow tf_clear\" aria-hidden=\"true\">\n\t\t\t\t<div class=\"tb_text_wrap\">\n\t\t\t\t\t<p><strong>1: Linus Lundqvist (SWE\/LL Motorsport), 319 p.<\/strong><br>2: Juuso Puhakka (FIN\/FinnDrive), 214 p.<br>3: Philip Hall (SWE\/Ward WestCoast), 167 p.<br>4: Hugo Nerman (SWE\/Ward WestCoast), 162 p.<br>5: R. Fredriksson (SWE\/Fredriksson Racing), 156 p.<br>6: Edward Jonasson (SWE\/Sundahl Racing), 130 p.<br>7: Emma Svensson (SWE\/LL Motorsport), 105 p.<br>8: Amalie Wichmand (DEN\/Ward WestCoast), 70 p.<br>9: Rasmus Ericsson (SWE\/Lyran Engineering), 45 p.\u00a0<br>10: Konsta Lappalainen (FIN\/FinnDrive), 12 p.<\/p>\n<p><em>(topp tio)<\/em><\/p>\t\t\t\t<\/div>\n\t\t\t<\/div>\n\t\t\t\t\t<div data-id=\"tab-tb_17wq493-3\" class=\"tab-content tf_overflow tf_clear\" aria-hidden=\"true\">\n\t\t\t\t<div class=\"tb_text_wrap\">\n\t\t\t\t\t<p>*<strong>Vinnare av m\u00e4sterskapet<\/strong>*<br>*<strong>JSM-m\u00e4stare<\/strong>*<br>*<strong>Nordeuropeisk zon-m\u00e4stare<\/strong>*<\/p>\n<p>Antal race: <strong>14<\/strong><br>Segrar: <b>10<\/b><br>Pallplatser: <strong>13<\/strong><br>Pole positions: <strong>8<\/strong><br>Snabbaste varv: <strong>10<\/strong><br>M\u00e4sterskapsplacering: <strong>1:a<\/strong><br><strong>\u00d6vrigt:<\/strong> 319 po\u00e4ng av 378 m\u00f6jliga. Vann titeln med en marginal p\u00e5 105 po\u00e4ng.<\/p>\t\t\t\t<\/div>\n\t\t\t<\/div>\n\t\t    <\/div>\n<\/div>\n<!-- \/module tab -->\n<!-- module gallery -->\n<div  class=\"module gallery module-gallery tb_35wp310 layout-grid  \" data-lazy=\"1\">\n    <div class=\"module-gallery-grid gallery-columns-4 gallery-m-columns-3 tf_clear\">\n\t\t\t<dl class=\"gallery-item\">\n\t\t\t<dt class=\"gallery-icon\">\n\t\t\t<a data-title=\"\" title=\"\" href=\"https:\/\/www.linuslundqvistracing.se\/wp-content\/uploads\/2018\/02\/Linus46.jpg\" data-rel=\"tb_35wp310\" class=\"themify_lightbox\"><img loading=\"lazy\" decoding=\"async\" src=\"https:\/\/www.linuslundqvistracing.se\/wp-content\/uploads\/2018\/02\/Linus46-1024x683-300x200.jpg\" width=\"300\" height=\"200\" class=\"wp-post-image wp-image-1146\" title=\"2016\" alt=\"2016\" srcset=\"https:\/\/www.linuslundqvistracing.se\/wp-content\/uploads\/2018\/02\/Linus46-1024x683-300x200.jpg 300w, https:\/\/www.linuslundqvistracing.se\/wp-content\/uploads\/2018\/02\/Linus46-768x512.jpg 768w, https:\/\/www.linuslundqvistracing.se\/wp-content\/uploads\/2018\/02\/Linus46-1024x683.jpg 1024w\" sizes=\"auto, (max-width: 300px) 100vw, 300px\" \/><\/a>\t\t\t<\/dt>\n\t\t\t<dd>\n\t\t\t\t\t\t\t\t\t\t\t<\/dd>\n\t\t<\/dl>\n\t\t\t<dl class=\"gallery-item\">\n\t\t\t<dt class=\"gallery-icon\">\n\t\t\t<a data-title=\"\" title=\"\" href=\"https:\/\/www.linuslundqvistracing.se\/wp-content\/uploads\/2018\/02\/Linus54.jpg\" data-rel=\"tb_35wp310\" class=\"themify_lightbox\"><img loading=\"lazy\" decoding=\"async\" src=\"https:\/\/www.linuslundqvistracing.se\/wp-content\/uploads\/2018\/02\/Linus54-1024x683-300x200.jpg\" width=\"300\" height=\"200\" class=\"wp-post-image wp-image-1142\" title=\"2016\" alt=\"2016\" srcset=\"https:\/\/www.linuslundqvistracing.se\/wp-content\/uploads\/2018\/02\/Linus54-1024x683-300x200.jpg 300w, https:\/\/www.linuslundqvistracing.se\/wp-content\/uploads\/2018\/02\/Linus54-768x512.jpg 768w, https:\/\/www.linuslundqvistracing.se\/wp-content\/uploads\/2018\/02\/Linus54-1024x683.jpg 1024w\" sizes=\"auto, (max-width: 300px) 100vw, 300px\" \/><\/a>\t\t\t<\/dt>\n\t\t\t<dd>\n\t\t\t\t\t\t\t\t\t\t\t<\/dd>\n\t\t<\/dl>\n\t\t\t<dl class=\"gallery-item\">\n\t\t\t<dt class=\"gallery-icon\">\n\t\t\t<a data-title=\"\" title=\"\" href=\"https:\/\/www.linuslundqvistracing.se\/wp-content\/uploads\/2018\/02\/Linus19.jpg\" data-rel=\"tb_35wp310\" class=\"themify_lightbox\"><img loading=\"lazy\" decoding=\"async\" src=\"https:\/\/www.linuslundqvistracing.se\/wp-content\/uploads\/2018\/02\/Linus19-1024x683-300x200.jpg\" width=\"300\" height=\"200\" class=\"wp-post-image wp-image-1153\" title=\"2016\" alt=\"2016\" srcset=\"https:\/\/www.linuslundqvistracing.se\/wp-content\/uploads\/2018\/02\/Linus19-1024x683-300x200.jpg 300w, https:\/\/www.linuslundqvistracing.se\/wp-content\/uploads\/2018\/02\/Linus19-768x512.jpg 768w, https:\/\/www.linuslundqvistracing.se\/wp-content\/uploads\/2018\/02\/Linus19-1024x683.jpg 1024w\" sizes=\"auto, (max-width: 300px) 100vw, 300px\" \/><\/a>\t\t\t<\/dt>\n\t\t\t<dd>\n\t\t\t\t\t\t\t\t\t\t\t<\/dd>\n\t\t<\/dl>\n\t\t\t<dl class=\"gallery-item\">\n\t\t\t<dt class=\"gallery-icon\">\n\t\t\t<a data-title=\"\" title=\"\" href=\"https:\/\/www.linuslundqvistracing.se\/wp-content\/uploads\/2018\/02\/Linus23.jpg\" data-rel=\"tb_35wp310\" class=\"themify_lightbox\"><img loading=\"lazy\" decoding=\"async\" src=\"https:\/\/www.linuslundqvistracing.se\/wp-content\/uploads\/2018\/02\/Linus23-1024x683-300x200.jpg\" width=\"300\" height=\"200\" class=\"wp-post-image wp-image-1152\" title=\"2016\" alt=\"2016\" srcset=\"https:\/\/www.linuslundqvistracing.se\/wp-content\/uploads\/2018\/02\/Linus23-1024x683-300x200.jpg 300w, https:\/\/www.linuslundqvistracing.se\/wp-content\/uploads\/2018\/02\/Linus23-768x512.jpg 768w, https:\/\/www.linuslundqvistracing.se\/wp-content\/uploads\/2018\/02\/Linus23-1024x683.jpg 1024w\" sizes=\"auto, (max-width: 300px) 100vw, 300px\" \/><\/a>\t\t\t<\/dt>\n\t\t\t<dd>\n\t\t\t\t\t\t\t\t\t\t\t<\/dd>\n\t\t<\/dl>\n\t\t\t<dl class=\"gallery-item\">\n\t\t\t<dt class=\"gallery-icon\">\n\t\t\t<a data-title=\"\" title=\"\" href=\"https:\/\/www.linuslundqvistracing.se\/wp-content\/uploads\/2018\/02\/Linus42.jpg\" data-rel=\"tb_35wp310\" class=\"themify_lightbox\"><img loading=\"lazy\" decoding=\"async\" src=\"https:\/\/www.linuslundqvistracing.se\/wp-content\/uploads\/2018\/02\/Linus42-1024x683-300x200.jpg\" width=\"300\" height=\"200\" class=\"wp-post-image wp-image-1148\" title=\"2016\" alt=\"2016\" srcset=\"https:\/\/www.linuslundqvistracing.se\/wp-content\/uploads\/2018\/02\/Linus42-1024x683-300x200.jpg 300w, https:\/\/www.linuslundqvistracing.se\/wp-content\/uploads\/2018\/02\/Linus42-768x512.jpg 768w, https:\/\/www.linuslundqvistracing.se\/wp-content\/uploads\/2018\/02\/Linus42-1024x683.jpg 1024w\" sizes=\"auto, (max-width: 300px) 100vw, 300px\" \/><\/a>\t\t\t<\/dt>\n\t\t\t<dd>\n\t\t\t\t\t\t\t\t\t\t\t<\/dd>\n\t\t<\/dl>\n\t\t\t<dl class=\"gallery-item\">\n\t\t\t<dt class=\"gallery-icon\">\n\t\t\t<a data-title=\"\" title=\"\" href=\"https:\/\/www.linuslundqvistracing.se\/wp-content\/uploads\/2018\/02\/Linus33.jpg\" data-rel=\"tb_35wp310\" class=\"themify_lightbox\"><img loading=\"lazy\" decoding=\"async\" src=\"https:\/\/www.linuslundqvistracing.se\/wp-content\/uploads\/2018\/02\/Linus33-1024x683-300x200.jpg\" width=\"300\" height=\"200\" class=\"wp-post-image wp-image-1150\" title=\"2016\" alt=\"2016\" srcset=\"https:\/\/www.linuslundqvistracing.se\/wp-content\/uploads\/2018\/02\/Linus33-1024x683-300x200.jpg 300w, https:\/\/www.linuslundqvistracing.se\/wp-content\/uploads\/2018\/02\/Linus33-768x512.jpg 768w, https:\/\/www.linuslundqvistracing.se\/wp-content\/uploads\/2018\/02\/Linus33-1024x683.jpg 1024w\" sizes=\"auto, (max-width: 300px) 100vw, 300px\" \/><\/a>\t\t\t<\/dt>\n\t\t\t<dd>\n\t\t\t\t\t\t\t\t\t\t\t<\/dd>\n\t\t<\/dl>\n\t\t\t<dl class=\"gallery-item\">\n\t\t\t<dt class=\"gallery-icon\">\n\t\t\t<a data-title=\"\" title=\"\" href=\"https:\/\/www.linuslundqvistracing.se\/wp-content\/uploads\/2018\/02\/Linus47.jpg\" data-rel=\"tb_35wp310\" class=\"themify_lightbox\"><img loading=\"lazy\" decoding=\"async\" src=\"https:\/\/www.linuslundqvistracing.se\/wp-content\/uploads\/2018\/02\/Linus47-1024x683-300x200.jpg\" width=\"300\" height=\"200\" class=\"wp-post-image wp-image-1145\" title=\"2016\" alt=\"2016\" srcset=\"https:\/\/www.linuslundqvistracing.se\/wp-content\/uploads\/2018\/02\/Linus47-1024x683-300x200.jpg 300w, https:\/\/www.linuslundqvistracing.se\/wp-content\/uploads\/2018\/02\/Linus47-768x512.jpg 768w, https:\/\/www.linuslundqvistracing.se\/wp-content\/uploads\/2018\/02\/Linus47-1024x683.jpg 1024w\" sizes=\"auto, (max-width: 300px) 100vw, 300px\" \/><\/a>\t\t\t<\/dt>\n\t\t\t<dd>\n\t\t\t\t\t\t\t\t\t\t\t<\/dd>\n\t\t<\/dl>\n\t\t\t<dl class=\"gallery-item\">\n\t\t\t<dt class=\"gallery-icon\">\n\t\t\t<a data-title=\"\" title=\"\" href=\"https:\/\/www.linuslundqvistracing.se\/wp-content\/uploads\/2018\/02\/Linus11.jpg\" data-rel=\"tb_35wp310\" class=\"themify_lightbox\"><img loading=\"lazy\" decoding=\"async\" src=\"https:\/\/www.linuslundqvistracing.se\/wp-content\/uploads\/2018\/02\/Linus11-1024x683-300x200.jpg\" width=\"300\" height=\"200\" class=\"wp-post-image wp-image-1155\" title=\"2016\" alt=\"2016\" srcset=\"https:\/\/www.linuslundqvistracing.se\/wp-content\/uploads\/2018\/02\/Linus11-1024x683-300x200.jpg 300w, https:\/\/www.linuslundqvistracing.se\/wp-content\/uploads\/2018\/02\/Linus11-768x512.jpg 768w, https:\/\/www.linuslundqvistracing.se\/wp-content\/uploads\/2018\/02\/Linus11-1024x683.jpg 1024w\" sizes=\"auto, (max-width: 300px) 100vw, 300px\" \/><\/a>\t\t\t<\/dt>\n\t\t\t<dd>\n\t\t\t\t\t\t\t\t\t\t\t<\/dd>\n\t\t<\/dl>\n\t\t\t<dl class=\"gallery-item\">\n\t\t\t<dt class=\"gallery-icon\">\n\t\t\t<a data-title=\"\" title=\"\" href=\"https:\/\/www.linuslundqvistracing.se\/wp-content\/uploads\/2018\/02\/Linus2.jpg\" data-rel=\"tb_35wp310\" class=\"themify_lightbox\"><img loading=\"lazy\" decoding=\"async\" src=\"https:\/\/www.linuslundqvistracing.se\/wp-content\/uploads\/2018\/02\/Linus2-1024x683-300x200.jpg\" width=\"300\" height=\"200\" class=\"wp-post-image wp-image-1158\" title=\"2016\" alt=\"2016\" srcset=\"https:\/\/www.linuslundqvistracing.se\/wp-content\/uploads\/2018\/02\/Linus2-1024x683-300x200.jpg 300w, https:\/\/www.linuslundqvistracing.se\/wp-content\/uploads\/2018\/02\/Linus2-768x512.jpg 768w, https:\/\/www.linuslundqvistracing.se\/wp-content\/uploads\/2018\/02\/Linus2-1024x683.jpg 1024w\" sizes=\"auto, (max-width: 300px) 100vw, 300px\" \/><\/a>\t\t\t<\/dt>\n\t\t\t<dd>\n\t\t\t\t\t\t\t\t\t\t\t<\/dd>\n\t\t<\/dl>\n\t\t\t<dl class=\"gallery-item\">\n\t\t\t<dt class=\"gallery-icon\">\n\t\t\t<a data-title=\"\" title=\"\" href=\"https:\/\/www.linuslundqvistracing.se\/wp-content\/uploads\/2018\/02\/Linus31-1.jpg\" data-rel=\"tb_35wp310\" class=\"themify_lightbox\"><img loading=\"lazy\" decoding=\"async\" src=\"https:\/\/www.linuslundqvistracing.se\/wp-content\/uploads\/2018\/02\/Linus31-1-1024x683-300x200.jpg\" width=\"300\" height=\"200\" class=\"wp-post-image wp-image-1151\" title=\"2016\" alt=\"2016\" srcset=\"https:\/\/www.linuslundqvistracing.se\/wp-content\/uploads\/2018\/02\/Linus31-1-1024x683-300x200.jpg 300w, https:\/\/www.linuslundqvistracing.se\/wp-content\/uploads\/2018\/02\/Linus31-1-768x512.jpg 768w, https:\/\/www.linuslundqvistracing.se\/wp-content\/uploads\/2018\/02\/Linus31-1-1024x683.jpg 1024w\" sizes=\"auto, (max-width: 300px) 100vw, 300px\" \/><\/a>\t\t\t<\/dt>\n\t\t\t<dd>\n\t\t\t\t\t\t\t\t\t\t\t<\/dd>\n\t\t<\/dl>\n\t\t\t<dl class=\"gallery-item\">\n\t\t\t<dt class=\"gallery-icon\">\n\t\t\t<a data-title=\"\" title=\"\" href=\"https:\/\/www.linuslundqvistracing.se\/wp-content\/uploads\/2018\/02\/Linus37.jpg\" data-rel=\"tb_35wp310\" class=\"themify_lightbox\"><img loading=\"lazy\" decoding=\"async\" src=\"https:\/\/www.linuslundqvistracing.se\/wp-content\/uploads\/2018\/02\/Linus37-1024x683-300x200.jpg\" width=\"300\" height=\"200\" class=\"wp-post-image wp-image-1149\" title=\"2016\" alt=\"2016\" srcset=\"https:\/\/www.linuslundqvistracing.se\/wp-content\/uploads\/2018\/02\/Linus37-1024x683-300x200.jpg 300w, https:\/\/www.linuslundqvistracing.se\/wp-content\/uploads\/2018\/02\/Linus37-768x512.jpg 768w, https:\/\/www.linuslundqvistracing.se\/wp-content\/uploads\/2018\/02\/Linus37-1024x683.jpg 1024w\" sizes=\"auto, (max-width: 300px) 100vw, 300px\" \/><\/a>\t\t\t<\/dt>\n\t\t\t<dd>\n\t\t\t\t\t\t\t\t\t\t\t<\/dd>\n\t\t<\/dl>\n\t\t\t<dl class=\"gallery-item\">\n\t\t\t<dt class=\"gallery-icon\">\n\t\t\t<a data-title=\"\" title=\"\" href=\"https:\/\/www.linuslundqvistracing.se\/wp-content\/uploads\/2018\/02\/Linus51-1.jpg\" data-rel=\"tb_35wp310\" class=\"themify_lightbox\"><img loading=\"lazy\" decoding=\"async\" src=\"https:\/\/www.linuslundqvistracing.se\/wp-content\/uploads\/2018\/02\/Linus51-1-1024x683-300x200.jpg\" width=\"300\" height=\"200\" class=\"wp-post-image wp-image-1143\" title=\"2016\" alt=\"2016\" srcset=\"https:\/\/www.linuslundqvistracing.se\/wp-content\/uploads\/2018\/02\/Linus51-1-1024x683-300x200.jpg 300w, https:\/\/www.linuslundqvistracing.se\/wp-content\/uploads\/2018\/02\/Linus51-1-768x512.jpg 768w, https:\/\/www.linuslundqvistracing.se\/wp-content\/uploads\/2018\/02\/Linus51-1-1024x683.jpg 1024w\" sizes=\"auto, (max-width: 300px) 100vw, 300px\" \/><\/a>\t\t\t<\/dt>\n\t\t\t<dd>\n\t\t\t\t\t\t\t\t\t\t\t<\/dd>\n\t\t<\/dl>\n\t<\/div>\n<\/div>\n<!-- \/module gallery -->\t\t\t\t<\/div><!-- .tb-column-inner -->\n\t\t\t\t\t\t<\/div><!-- .module_column -->\n\t\t\t\t\t\t<\/div><!-- .row_inner -->\n\t\t<\/div><!-- .module_row -->\n\t\t\t\t<\/div>\n<!--\/themify_builder_content-->","protected":false},"excerpt":{"rendered":"<p>&nbsp; 2016M\u00e4stare &#8211; Formula STCC Nordic Tre titlar, tio segrar p\u00e5 14 race, nytt po\u00e4ngrekord: 2016 var ett \u00e5r att minnas av alla r\u00e4tta anledningar. Linus dominerar svenska Formula STCC Nordic &#8211; som under vintern bytt namn fr\u00e5n Formel Renault 1.6 &#8211; och l\u00e4gger beslag p\u00e5 guldet redan i Karlskoga, i den femte av sju [&hellip;]<\/p>\n","protected":false},"author":1,"featured_media":0,"parent":0,"menu_order":0,"comment_status":"closed","ping_status":"closed","template":"","meta":{"_monsterinsights_skip_tracking":false,"_monsterinsights_sitenote_active":false,"_monsterinsights_sitenote_note":"","_monsterinsights_sitenote_category":0,"footnotes":"","_links_to":"","_links_to_target":""},"class_list":["post-1131","page","type-page","status-publish","hentry","has-post-title","has-post-date","has-post-category","has-post-tag","has-post-comment","has-post-author",""],"aioseo_notices":[],"builder_content":"<h1>2016<br\/>M\u00e4stare - Formula STCC Nordic<\/h1>\n<ul><li><h4><\/h4><p>Tre titlar, tio segrar p\u00e5 14 race, nytt po\u00e4ngrekord: 2016 var ett \u00e5r att minnas av alla r\u00e4tta anledningar. Linus dominerar svenska Formula STCC Nordic - som under vintern bytt namn fr\u00e5n Formel Renault 1.6 - och l\u00e4gger beslag p\u00e5 guldet redan i Karlskoga, i den femte av sju delt\u00e4vlingar.\u00a0<\/p> <p><img src=\"https:\/\/www.linuslundqvistracing.se\/wp-content\/uploads\/2018\/02\/201615.jpg\" alt=\"\" width=\"450\" height=\"260\">Formula STCC Nordic erbj\u00f6d den h\u00e4r s\u00e4songen tre m\u00e4sterskap i ett. Vid sidan av sj\u00e4lva serien i sig stod ocks\u00e5 titlar i b\u00e5de Junior-SM och NEZ (Nordeuropeisk Zon) p\u00e5 spel, och Linus gjorde rent hus n\u00e4r han i \u00f6verl\u00e4gsen stil tog hem samtliga.<\/p> <p>Linus t\u00e4vlade den h\u00e4r s\u00e4songen f\u00f6r LL Motorsport Junior Team, som drevs i egen regi av den egna familjen.<\/p> <p>Efter den \u00f6vertygande insatsen i Sverige togs beslutet att f\u00f6rs\u00f6ka sj\u00f6s\u00e4tta en internationell karri\u00e4r. Under h\u00f6sten 2016 genomf\u00f6rde Linus d\u00e4rf\u00f6r sina f\u00f6rsta tester i det brittiska Formel 4-m\u00e4sterskapet, till vilket han s\u00e5 sm\u00e5ningom ocks\u00e5 avancerade inf\u00f6r 2017.<\/p><\/li><li><h4>Resultat<\/h4><p><img src=\"https:\/\/www.linuslundqvistracing.se\/wp-content\/uploads\/2018\/02\/Linus23-1024x683.jpg\" alt=\"\" width=\"700\" height=\"467\"><br><strong>Rd. 1<\/strong> Sk\u00f6vde<br>2 \/ <strong>1<\/strong><\/p> <p><strong>Rd. 2<\/strong> Mantorp Park<br><strong>1<\/strong> \/ DSQ<\/p> <p><strong>Rd. 3<\/strong> Anderstorp<br><strong>1<\/strong> \/ <strong>1<\/strong><\/p> <p><strong>Rd. 4<\/strong> Falkenberg<br><strong>1<\/strong> \/ 2<\/p> <p><strong>Rd. 5<\/strong> Geller\u00e5sen<br><strong>1\u00a0<\/strong>\/ <strong>1<\/strong><\/p> <p><strong>Rd. 6<\/strong> Alastaro (Finland)<br>3 \/ <strong>1<\/strong><\/p> <p><strong>Rd. 7<\/strong>\u00a0Ring Knutstorp<br><strong>1<\/strong> \/ <strong>1<\/strong><\/p><\/li><li><h4>Tabell<\/h4><p><strong>1: Linus Lundqvist (SWE\/LL Motorsport), 319 p.<\/strong><br>2: Juuso Puhakka (FIN\/FinnDrive), 214 p.<br>3: Philip Hall (SWE\/Ward WestCoast), 167 p.<br>4: Hugo Nerman (SWE\/Ward WestCoast), 162 p.<br>5: R. Fredriksson (SWE\/Fredriksson Racing), 156 p.<br>6: Edward Jonasson (SWE\/Sundahl Racing), 130 p.<br>7: Emma Svensson (SWE\/LL Motorsport), 105 p.<br>8: Amalie Wichmand (DEN\/Ward WestCoast), 70 p.<br>9: Rasmus Ericsson (SWE\/Lyran Engineering), 45 p.\u00a0<br>10: Konsta Lappalainen (FIN\/FinnDrive), 12 p.<\/p> <p><em>(topp tio)<\/em><\/p><\/li><li><h4><\/h4><p>*<strong>Vinnare av m\u00e4sterskapet<\/strong>*<br>*<strong>JSM-m\u00e4stare<\/strong>*<br>*<strong>Nordeuropeisk zon-m\u00e4stare<\/strong>*<\/p> <p>Antal race: <strong>14<\/strong><br>Segrar: <b>10<\/b><br>Pallplatser: <strong>13<\/strong><br>Pole positions: <strong>8<\/strong><br>Snabbaste varv: <strong>10<\/strong><br>M\u00e4sterskapsplacering: <strong>1:a<\/strong><br><strong>\u00d6vrigt:<\/strong> 319 po\u00e4ng av 378 m\u00f6jliga. Vann titeln med en marginal p\u00e5 105 po\u00e4ng.<\/p><\/li><\/ul>\n[gallery _orderbyfield=\"rand\" _orderByField=\"rand\" orderby=\"rand\" ids=\"1142,1143,1145,1146,1148,1149,1150,1151,1152,1153,1155,1158\"]","_links":{"self":[{"href":"https:\/\/www.linuslundqvistracing.se\/sv\/wp-json\/wp\/v2\/pages\/1131","targetHints":{"allow":["GET"]}}],"collection":[{"href":"https:\/\/www.linuslundqvistracing.se\/sv\/wp-json\/wp\/v2\/pages"}],"about":[{"href":"https:\/\/www.linuslundqvistracing.se\/sv\/wp-json\/wp\/v2\/types\/page"}],"author":[{"embeddable":true,"href":"https:\/\/www.linuslundqvistracing.se\/sv\/wp-json\/wp\/v2\/users\/1"}],"replies":[{"embeddable":true,"href":"https:\/\/www.linuslundqvistracing.se\/sv\/wp-json\/wp\/v2\/comments?post=1131"}],"version-history":[{"count":39,"href":"https:\/\/www.linuslundqvistracing.se\/sv\/wp-json\/wp\/v2\/pages\/1131\/revisions"}],"predecessor-version":[{"id":10742,"href":"https:\/\/www.linuslundqvistracing.se\/sv\/wp-json\/wp\/v2\/pages\/1131\/revisions\/10742"}],"wp:attachment":[{"href":"https:\/\/www.linuslundqvistracing.se\/sv\/wp-json\/wp\/v2\/media?parent=1131"}],"curies":[{"name":"wp","href":"https:\/\/api.w.org\/{rel}","templated":true}]}}