{"id":1048,"date":"2018-02-24T12:18:10","date_gmt":"2018-02-24T11:18:10","guid":{"rendered":"http:\/\/www.linuslundqvistracing.se\/?page_id=1048"},"modified":"2023-10-26T16:10:58","modified_gmt":"2023-10-26T14:10:58","slug":"2017-2","status":"publish","type":"page","link":"https:\/\/www.linuslundqvistracing.se\/sv\/2017-2","title":{"rendered":"2017"},"content":{"rendered":"<p><\/p>\n<!--themify_builder_content-->\n<div id=\"themify_builder_content-1048\" data-postid=\"1048\" class=\"themify_builder_content themify_builder_content-1048 themify_builder tf_clear\">\n    \t\t\t\t<!-- module_row -->\n\t\t<div  data-lazy=\"1\" class=\"module_row themify_builder_row tb_xmto176 tb_first tf_w tf_clearfix\">\n\t\t\t\t\t<div class=\"row_inner col_align_top tb_col_count_1 tf_box tf_rel\">\n\t\t\t\t\t<div  data-lazy=\"1\" class=\"module_column tb-column col-full tb_e184176 first\">\n\t\t\t\t\t\t\t\t\t<div class=\"tb-column-inner tf_box tf_w\">\n\t\t\t\t<!-- module fancy heading -->\n<div  class=\"module module-fancy-heading tb_m9c2176 \" data-lazy=\"1\">\n\t    <h1 class=\"fancy-heading tf_textc\">\n    <span class=\"main-head tf_block\">\n\t\t\t\t\t2017\t\t    <\/span>\n\n\t\n    <span class=\"sub-head tf_block tf_rel\">\n\t\t\t\t\tF4 British Championship\t\t    <\/span>\n    <\/h1>\n<\/div>\n<!-- \/module fancy heading -->\n\t\t\t\t<\/div><!-- .tb-column-inner -->\n\t\t\t\t\t\t<\/div><!-- .module_column -->\n\t\t\t\t\t\t<\/div><!-- .row_inner -->\n\t\t<\/div><!-- .module_row -->\n\t\t\t\t\t\t\t\t<!-- module_row -->\n\t\t<div  data-lazy=\"1\" class=\"module_row themify_builder_row tb_eq2u23 tf_w tf_clearfix\">\n\t\t\t\t\t<div class=\"row_inner col_align_top tb_col_count_1 tf_box tf_rel\">\n\t\t\t\t\t<div  data-lazy=\"1\" class=\"module_column tb-column col-full tb_4gbv23 first\">\n\t\t\t\t\t\t\t\t\t<div class=\"tb-column-inner tf_box tf_w\">\n\t\t\t\t<!-- module tab -->\n<div  id=\"tb_jnfj23\" class=\"module ui module-tab tb_jnfj23 minimal tab-style-default rounded transparent \" data-lazy=\"1\">\n        <div class=\"builder-tabs-wrap tf_rel\">\n\t\t<div class=\"tab-nav-current-active tf_hide\">\n\t\t\t<span class=\"tab_burger_icon tf_hide tf_rel\"><\/span>\n\t\t\t<span class=\"tb_tab_title\"><\/span>\n\t\t<\/div>\n\t\t<ul class=\"tab-nav tf_clearfix\">\n\t\t\t\t\t\t<li class=\"current\" aria-expanded=\"true\">\n\t\t\t\t<a href=\"#tab-tb_jnfj23-0\">\n\t\t\t\t\t<em><svg  class=\"tf_fa tf-fas-bars\" aria-hidden=\"true\"><use href=\"#tf-fas-bars\"><\/use><\/svg><\/em>\t\t\t\t\t<span><\/span>\n\t\t\t\t<\/a>\n\t\t\t<\/li>\n\t\t\t\t\t\t<li aria-expanded=\"false\">\n\t\t\t\t<a href=\"#tab-tb_jnfj23-1\">\n\t\t\t\t\t<em><svg  class=\"tf_fa tf-fas-trophy\" aria-hidden=\"true\"><use href=\"#tf-fas-trophy\"><\/use><\/svg><\/em>\t\t\t\t\t<span>Resultat<\/span>\n\t\t\t\t<\/a>\n\t\t\t<\/li>\n\t\t\t\t\t\t<li aria-expanded=\"false\">\n\t\t\t\t<a href=\"#tab-tb_jnfj23-2\">\n\t\t\t\t\t\t\t\t\t\t<span>Tabell<\/span>\n\t\t\t\t<\/a>\n\t\t\t<\/li>\n\t\t\t\t\t\t<li aria-expanded=\"false\">\n\t\t\t\t<a href=\"#tab-tb_jnfj23-3\">\n\t\t\t\t\t<em><svg  class=\"tf_fa tf-fas-hashtag\" aria-hidden=\"true\"><use href=\"#tf-fas-hashtag\"><\/use><\/svg><\/em>\t\t\t\t\t<span><\/span>\n\t\t\t\t<\/a>\n\t\t\t<\/li>\n\t\t\t\t\t<\/ul>\n\n\t\t\t\t\t<div data-id=\"tab-tb_jnfj23-0\" class=\"tab-content tf_overflow tf_clear\" aria-hidden=\"false\">\n\t\t\t\t<div class=\"tb_text_wrap\">\n\t\t\t\t\t<p>S\u00e4songen 2017 tar Linus det stora steget ut p\u00e5 den internationella scenen. En satsning p\u00e5 det konkurrenskraftiga brittiska Formel 4-m\u00e4sterskapet hamnar p\u00e5 agendan n\u00e4r Linus signerar ett kontrakt med v\u00e4letablerade Double R Racing &#8211; och det dr\u00f6jer inte l\u00e4nge f\u00f6rr\u00e4n potentialen i samarbetet blir tydlig att se.<\/p>\n<p><img loading=\"lazy\" decoding=\"async\" class=\"alignleft wp-image-1024\" src=\"https:\/\/www.linuslundqvistracing.se\/wp-content\/uploads\/2018\/02\/2000-2-300x138.jpg\" alt=\"\" width=\"450\" height=\"207\" srcset=\"https:\/\/www.linuslundqvistracing.se\/wp-content\/uploads\/2018\/02\/2000-2-300x138.jpg 300w, https:\/\/www.linuslundqvistracing.se\/wp-content\/uploads\/2018\/02\/2000-2-768x353.jpg 768w, https:\/\/www.linuslundqvistracing.se\/wp-content\/uploads\/2018\/02\/2000-2-1024x471.jpg 1024w, https:\/\/www.linuslundqvistracing.se\/wp-content\/uploads\/2018\/02\/2000-2.jpg 2000w\" sizes=\"auto, (max-width: 450px) 100vw, 450px\" \/>En lovande f\u00f6rs\u00e4song indikerar bra fart, och n\u00e4r Linus sedan toppar den fria tr\u00e4ningen vid premi\u00e4ren p\u00e5 Brands Hatch bekr\u00e4ftas den positiva k\u00e4nslan. Dessv\u00e4rre f\u00f6rbyts det hela snabbt mot totalt m\u00f6rker; Linus tvingas under frustrerande former att bryta samtliga tre premi\u00e4rheat med motorproblem. En mardr\u00f6msstart, noll po\u00e4ng p\u00e5 kontot och uppf\u00f6rsbacke inf\u00f6r resten av s\u00e4songen &#8211; men det \u00e4r som bekant i motvind en drake lyfter&#8230;<\/p>\n<p>Linus sl\u00e5r omedelbart tillbaka. F\u00f6rsta internationella segern kommer vid n\u00e4sta delt\u00e4vling p\u00e5 Donington Park, om \u00e4n \u00f6verskuggad av den v\u00e5ldsamma Billy Monger-kraschen som kom att engagera hela racingv\u00e4rlden.<\/p>\n<p>Med vind i seglen radar Linus upp ytterligare segrar p\u00e5 Croft, Rockingham och i finalen p\u00e5 Brands Hatch. Fler tekniska problem under resans g\u00e5ng inneb\u00e4r att han till slut f\u00e5r n\u00f6ja sig med femte plats i f\u00f6rarsammandraget, men budskapet har g\u00e5tt fram: flest snabbaste varv av samtliga, och fler pole positions \u00e4n m\u00e4staren Jamie Caroline, signalerar att klivet ut i v\u00e4rlden inte p\u00e5 n\u00e5got s\u00e4tt har varit f\u00f6r stort.\u00a0<\/p>\n<p>Under \u00e5ret f\u00e5r Linus ocks\u00e5 m\u00f6jlighet att debutera i Formel 3-sammanhang vid ett inhopp i det brittiska m\u00e4sterskapet p\u00e5, ironiskt nog, belgiska Spa-Francorchamps. Mot slutet av helgen \u00e4r Linus bara n\u00e5gra tiondelar efter de allra snabbaste runt en av v\u00e4rldens sv\u00e5raste banor; en f\u00f6rsmak inf\u00f6r 2018, n\u00e4r F3-\u00e4ventyret inleds p\u00e5 allvar och med full kraft.<\/p>\t\t\t\t<\/div>\n\t\t\t<\/div>\n\t\t\t\t\t<div data-id=\"tab-tb_jnfj23-1\" class=\"tab-content tf_overflow tf_clear\" aria-hidden=\"true\">\n\t\t\t\t<div class=\"tb_text_wrap\">\n\t\t\t\t\t<p><img loading=\"lazy\" decoding=\"async\" class=\"wp-image-618 alignright\" src=\"https:\/\/www.linuslundqvistracing.se\/wp-content\/uploads\/2018\/02\/Linus39-1024x683.jpg\" alt=\"\" width=\"700\" height=\"467\" srcset=\"https:\/\/www.linuslundqvistracing.se\/wp-content\/uploads\/2018\/02\/Linus39-1024x683.jpg 1024w, https:\/\/www.linuslundqvistracing.se\/wp-content\/uploads\/2018\/02\/Linus39-300x200.jpg 300w, https:\/\/www.linuslundqvistracing.se\/wp-content\/uploads\/2018\/02\/Linus39-768x512.jpg 768w\" sizes=\"auto, (max-width: 700px) 100vw, 700px\" \/><strong>Rd. 1<\/strong> Brands Hatch<br>DNF \/ DNF \/ DNF<\/p>\n<p><strong>Rd. 2<\/strong> Donington Park<br>2 \/ DNF \/\u00a0<strong>1<\/strong><\/p>\n<p><strong>Rd. 3<\/strong> Thruxton<br>5 \/ 2 \/ 4<\/p>\n<p><strong>Rd. 4<\/strong> Oulton Park<br>3 \/ 5 \/ *<\/p>\n<p><strong>Rd. 5<\/strong> Croft<br><strong>1\u00a0<\/strong>\/ 4 \/\u00a0<strong>1<\/strong><\/p>\n<p><strong>Rd. 6<\/strong> Snetterton<br>3 \/ 5 \/ 3<\/p>\n<p><strong>Rd. 7<\/strong> Knockhill<br>8 \/ DNF \/ DNF \/ 6*<\/p>\n<p><strong>Rd. 8<\/strong> Rockingham<br><strong>1 <\/strong>\/ DNF \/ 5<\/p>\n<p><strong>Rd. 9<\/strong> Silverstone<br>6 \/ 9 \/ 5<\/p>\n<p><strong>Rd. 10<\/strong> Brands Hatch<br><strong>1\u00a0<\/strong>\/ 8 \/ 2<\/p>\n<p>* Ett av racen p\u00e5 Oulton Park st\u00e4lldes in p\u00e5 grund av tidsbrist, och k\u00f6rdes ist\u00e4llet senare i form av ett fj\u00e4rde heat p\u00e5 Knockhill.<\/p>\n<p><strong>BRDC British F3 Championship<\/strong><\/p>\n<p><strong>Inhopp<\/strong>, Spa (Belgien)<br>16 \/ 9 \/ 7<\/p>\t\t\t\t<\/div>\n\t\t\t<\/div>\n\t\t\t\t\t<div data-id=\"tab-tb_jnfj23-2\" class=\"tab-content tf_overflow tf_clear\" aria-hidden=\"true\">\n\t\t\t\t<div class=\"tb_text_wrap\">\n\t\t\t\t\t<p>1: Jamie Caroline (GBR\/Carlin), 442 p.<br>2: Oscar Piastri (AUS\/Arden), 376.5 p.<br>3: Logan Sargeant (USA\/Carlin), 356 p.<br>4: Alex Quinn (GBR\/Arden), 307 p.<br><strong>5: Linus Lundqvist (SWE\/Double R Racing), 306.5 p.<\/strong><br>6: Oliver York (GBR\/Fortec), 274.5 p.<br>7: Ayrton Simmons (GBR\/Arden), 257.5 p.<br>8: Patrik Pasma (FIN\/Carlin), 167.5 p.<br>9: Karl Massaad (LEB\/Double R Racing), 83 p.\u00a0<br>10: Hampus Ericsson (SWE\/Fortec), 69 p.<\/p>\n<p><em>(topp tio)<\/em><\/p>\t\t\t\t<\/div>\n\t\t\t<\/div>\n\t\t\t\t\t<div data-id=\"tab-tb_jnfj23-3\" class=\"tab-content tf_overflow tf_clear\" aria-hidden=\"true\">\n\t\t\t\t<div class=\"tb_text_wrap\">\n\t\t\t\t\t<p>Antal race (F4): <strong>30<\/strong><br>Segrar: <strong>5<\/strong><br>Pallplatser: <strong>11<\/strong><br>Pole positions: <strong>5<\/strong><br>Snabbaste varv: <strong>9<\/strong><br>M\u00e4sterskapsplacering: <strong>5:a<\/strong><br><strong>\u00d6vrigt:<\/strong> b\u00e4ste Double R Racing-f\u00f6rare<\/p>\t\t\t\t<\/div>\n\t\t\t<\/div>\n\t\t    <\/div>\n<\/div>\n<!-- \/module tab -->\n<!-- module gallery -->\n<div  class=\"module gallery module-gallery tb_grwh887 layout-grid  \" data-lazy=\"1\">\n    <div class=\"module-gallery-grid gallery-columns-4 gallery-m-columns-3 tf_clear\">\n\t\t\t<dl class=\"gallery-item\">\n\t\t\t<dt class=\"gallery-icon\">\n\t\t\t<a data-title=\"\" title=\"\" href=\"https:\/\/www.linuslundqvistracing.se\/wp-content\/uploads\/2018\/02\/Linus52.jpg\" data-rel=\"tb_grwh887\" class=\"themify_lightbox\"><img loading=\"lazy\" decoding=\"async\" src=\"https:\/\/www.linuslundqvistracing.se\/wp-content\/uploads\/2018\/02\/Linus52-1024x683-300x200.jpg\" width=\"300\" height=\"200\" class=\"wp-post-image wp-image-1115\" title=\"2017\" alt=\"2017\" srcset=\"https:\/\/www.linuslundqvistracing.se\/wp-content\/uploads\/2018\/02\/Linus52-1024x683-300x200.jpg 300w, https:\/\/www.linuslundqvistracing.se\/wp-content\/uploads\/2018\/02\/Linus52-768x512.jpg 768w, https:\/\/www.linuslundqvistracing.se\/wp-content\/uploads\/2018\/02\/Linus52-1024x683.jpg 1024w\" sizes=\"auto, (max-width: 300px) 100vw, 300px\" \/><\/a>\t\t\t<\/dt>\n\t\t\t<dd>\n\t\t\t\t\t\t\t\t\t\t\t<\/dd>\n\t\t<\/dl>\n\t\t\t<dl class=\"gallery-item\">\n\t\t\t<dt class=\"gallery-icon\">\n\t\t\t<a data-title=\"\" title=\"\" href=\"https:\/\/www.linuslundqvistracing.se\/wp-content\/uploads\/2018\/02\/Linus62.jpg\" data-rel=\"tb_grwh887\" class=\"themify_lightbox\"><img loading=\"lazy\" decoding=\"async\" src=\"https:\/\/www.linuslundqvistracing.se\/wp-content\/uploads\/2018\/02\/Linus62-1024x683-300x200.jpg\" width=\"300\" height=\"200\" class=\"wp-post-image wp-image-1113\" title=\"2017\" alt=\"2017\" srcset=\"https:\/\/www.linuslundqvistracing.se\/wp-content\/uploads\/2018\/02\/Linus62-1024x683-300x200.jpg 300w, https:\/\/www.linuslundqvistracing.se\/wp-content\/uploads\/2018\/02\/Linus62-768x512.jpg 768w, https:\/\/www.linuslundqvistracing.se\/wp-content\/uploads\/2018\/02\/Linus62-1024x683.jpg 1024w\" sizes=\"auto, (max-width: 300px) 100vw, 300px\" \/><\/a>\t\t\t<\/dt>\n\t\t\t<dd>\n\t\t\t\t\t\t\t\t\t\t\t<\/dd>\n\t\t<\/dl>\n\t\t\t<dl class=\"gallery-item\">\n\t\t\t<dt class=\"gallery-icon\">\n\t\t\t<a data-title=\"\" title=\"\" href=\"https:\/\/www.linuslundqvistracing.se\/wp-content\/uploads\/2018\/02\/Lundqvist_01.jpg\" data-rel=\"tb_grwh887\" class=\"themify_lightbox\"><img loading=\"lazy\" decoding=\"async\" src=\"https:\/\/www.linuslundqvistracing.se\/wp-content\/uploads\/2018\/02\/Lundqvist_01-1024x683-300x200.jpg\" width=\"300\" height=\"200\" class=\"wp-post-image wp-image-1109\" title=\"2017\" alt=\"2017\" srcset=\"https:\/\/www.linuslundqvistracing.se\/wp-content\/uploads\/2018\/02\/Lundqvist_01-1024x683-300x200.jpg 300w, https:\/\/www.linuslundqvistracing.se\/wp-content\/uploads\/2018\/02\/Lundqvist_01-768x512.jpg 768w, https:\/\/www.linuslundqvistracing.se\/wp-content\/uploads\/2018\/02\/Lundqvist_01-1024x683.jpg 1024w\" sizes=\"auto, (max-width: 300px) 100vw, 300px\" \/><\/a>\t\t\t<\/dt>\n\t\t\t<dd>\n\t\t\t\t\t\t\t\t\t\t\t<\/dd>\n\t\t<\/dl>\n\t\t\t<dl class=\"gallery-item\">\n\t\t\t<dt class=\"gallery-icon\">\n\t\t\t<a data-title=\"\" title=\"\" href=\"https:\/\/www.linuslundqvistracing.se\/wp-content\/uploads\/2018\/02\/Lundqvist_Sunday_13.jpg\" data-rel=\"tb_grwh887\" class=\"themify_lightbox\"><img loading=\"lazy\" decoding=\"async\" src=\"https:\/\/www.linuslundqvistracing.se\/wp-content\/uploads\/2018\/02\/Lundqvist_Sunday_13-1024x683-300x200.jpg\" width=\"300\" height=\"200\" class=\"wp-post-image wp-image-1105\" title=\"2017\" alt=\"2017\" srcset=\"https:\/\/www.linuslundqvistracing.se\/wp-content\/uploads\/2018\/02\/Lundqvist_Sunday_13-1024x683-300x200.jpg 300w, https:\/\/www.linuslundqvistracing.se\/wp-content\/uploads\/2018\/02\/Lundqvist_Sunday_13-768x512.jpg 768w, https:\/\/www.linuslundqvistracing.se\/wp-content\/uploads\/2018\/02\/Lundqvist_Sunday_13-1024x683.jpg 1024w\" sizes=\"auto, (max-width: 300px) 100vw, 300px\" \/><\/a>\t\t\t<\/dt>\n\t\t\t<dd>\n\t\t\t\t\t\t\t\t\t\t\t<\/dd>\n\t\t<\/dl>\n\t\t\t<dl class=\"gallery-item\">\n\t\t\t<dt class=\"gallery-icon\">\n\t\t\t<a data-title=\"\" title=\"\" href=\"https:\/\/www.linuslundqvistracing.se\/wp-content\/uploads\/2018\/02\/Friday_Rock_001.jpg\" data-rel=\"tb_grwh887\" class=\"themify_lightbox\"><img loading=\"lazy\" decoding=\"async\" src=\"https:\/\/www.linuslundqvistracing.se\/wp-content\/uploads\/2018\/02\/Friday_Rock_001-1024x683-300x200.jpg\" width=\"300\" height=\"200\" class=\"wp-post-image wp-image-1111\" title=\"2017\" alt=\"2017\" srcset=\"https:\/\/www.linuslundqvistracing.se\/wp-content\/uploads\/2018\/02\/Friday_Rock_001-1024x683-300x200.jpg 300w, https:\/\/www.linuslundqvistracing.se\/wp-content\/uploads\/2018\/02\/Friday_Rock_001-768x512.jpg 768w, https:\/\/www.linuslundqvistracing.se\/wp-content\/uploads\/2018\/02\/Friday_Rock_001-1024x683.jpg 1024w\" sizes=\"auto, (max-width: 300px) 100vw, 300px\" \/><\/a>\t\t\t<\/dt>\n\t\t\t<dd>\n\t\t\t\t\t\t\t\t\t\t\t<\/dd>\n\t\t<\/dl>\n\t\t\t<dl class=\"gallery-item\">\n\t\t\t<dt class=\"gallery-icon\">\n\t\t\t<a data-title=\"\" title=\"\" href=\"https:\/\/www.linuslundqvistracing.se\/wp-content\/uploads\/2018\/02\/Sunday_014.jpg\" data-rel=\"tb_grwh887\" class=\"themify_lightbox\"><img loading=\"lazy\" decoding=\"async\" src=\"https:\/\/www.linuslundqvistracing.se\/wp-content\/uploads\/2018\/02\/Sunday_014-1024x683-300x200.jpg\" width=\"300\" height=\"200\" class=\"wp-post-image wp-image-1118\" title=\"2017\" alt=\"2017\" srcset=\"https:\/\/www.linuslundqvistracing.se\/wp-content\/uploads\/2018\/02\/Sunday_014-1024x683-300x200.jpg 300w, https:\/\/www.linuslundqvistracing.se\/wp-content\/uploads\/2018\/02\/Sunday_014-768x512.jpg 768w, https:\/\/www.linuslundqvistracing.se\/wp-content\/uploads\/2018\/02\/Sunday_014-1024x683.jpg 1024w\" sizes=\"auto, (max-width: 300px) 100vw, 300px\" \/><\/a>\t\t\t<\/dt>\n\t\t\t<dd>\n\t\t\t\t\t\t\t\t\t\t\t<\/dd>\n\t\t<\/dl>\n\t\t\t<dl class=\"gallery-item\">\n\t\t\t<dt class=\"gallery-icon\">\n\t\t\t<a data-title=\"\" title=\"\" href=\"https:\/\/www.linuslundqvistracing.se\/wp-content\/uploads\/2018\/02\/Linus87.jpg\" data-rel=\"tb_grwh887\" class=\"themify_lightbox\"><img loading=\"lazy\" decoding=\"async\" src=\"https:\/\/www.linuslundqvistracing.se\/wp-content\/uploads\/2018\/02\/Linus87-1024x683-300x200.jpg\" width=\"300\" height=\"200\" class=\"wp-post-image wp-image-1128\" title=\"2017\" alt=\"2017\" srcset=\"https:\/\/www.linuslundqvistracing.se\/wp-content\/uploads\/2018\/02\/Linus87-1024x683-300x200.jpg 300w, https:\/\/www.linuslundqvistracing.se\/wp-content\/uploads\/2018\/02\/Linus87-768x512.jpg 768w, https:\/\/www.linuslundqvistracing.se\/wp-content\/uploads\/2018\/02\/Linus87-1024x683.jpg 1024w\" sizes=\"auto, (max-width: 300px) 100vw, 300px\" \/><\/a>\t\t\t<\/dt>\n\t\t\t<dd>\n\t\t\t\t\t\t\t\t\t\t\t<\/dd>\n\t\t<\/dl>\n\t\t\t<dl class=\"gallery-item\">\n\t\t\t<dt class=\"gallery-icon\">\n\t\t\t<a data-title=\"\" title=\"\" href=\"https:\/\/www.linuslundqvistracing.se\/wp-content\/uploads\/2018\/02\/Sunday_011.jpg\" data-rel=\"tb_grwh887\" class=\"themify_lightbox\"><img loading=\"lazy\" decoding=\"async\" src=\"https:\/\/www.linuslundqvistracing.se\/wp-content\/uploads\/2018\/02\/Sunday_011-1024x683-300x200.jpg\" width=\"300\" height=\"200\" class=\"wp-post-image wp-image-1119\" title=\"2017\" alt=\"2017\" srcset=\"https:\/\/www.linuslundqvistracing.se\/wp-content\/uploads\/2018\/02\/Sunday_011-1024x683-300x200.jpg 300w, https:\/\/www.linuslundqvistracing.se\/wp-content\/uploads\/2018\/02\/Sunday_011-768x512.jpg 768w, https:\/\/www.linuslundqvistracing.se\/wp-content\/uploads\/2018\/02\/Sunday_011-1024x683.jpg 1024w\" sizes=\"auto, (max-width: 300px) 100vw, 300px\" \/><\/a>\t\t\t<\/dt>\n\t\t\t<dd>\n\t\t\t\t\t\t\t\t\t\t\t<\/dd>\n\t\t<\/dl>\n\t\t\t<dl class=\"gallery-item\">\n\t\t\t<dt class=\"gallery-icon\">\n\t\t\t<a data-title=\"\" title=\"\" href=\"https:\/\/www.linuslundqvistracing.se\/wp-content\/uploads\/2018\/02\/Lundqvist_04.jpg\" data-rel=\"tb_grwh887\" class=\"themify_lightbox\"><img loading=\"lazy\" decoding=\"async\" src=\"https:\/\/www.linuslundqvistracing.se\/wp-content\/uploads\/2018\/02\/Lundqvist_04-1024x683-300x200.jpg\" width=\"300\" height=\"200\" class=\"wp-post-image wp-image-1099\" title=\"2017\" alt=\"2017\" srcset=\"https:\/\/www.linuslundqvistracing.se\/wp-content\/uploads\/2018\/02\/Lundqvist_04-1024x683-300x200.jpg 300w, https:\/\/www.linuslundqvistracing.se\/wp-content\/uploads\/2018\/02\/Lundqvist_04-768x512.jpg 768w, https:\/\/www.linuslundqvistracing.se\/wp-content\/uploads\/2018\/02\/Lundqvist_04-1024x683.jpg 1024w\" sizes=\"auto, (max-width: 300px) 100vw, 300px\" \/><\/a>\t\t\t<\/dt>\n\t\t\t<dd>\n\t\t\t\t\t\t\t\t\t\t\t<\/dd>\n\t\t<\/dl>\n\t\t\t<dl class=\"gallery-item\">\n\t\t\t<dt class=\"gallery-icon\">\n\t\t\t<a data-title=\"\" title=\"\" href=\"https:\/\/www.linuslundqvistracing.se\/wp-content\/uploads\/2018\/02\/Lundqvist-Podium.jpg\" data-rel=\"tb_grwh887\" class=\"themify_lightbox\"><img loading=\"lazy\" decoding=\"async\" src=\"https:\/\/www.linuslundqvistracing.se\/wp-content\/uploads\/2018\/02\/Lundqvist-Podium-1024x683-300x200.jpg\" width=\"300\" height=\"200\" class=\"wp-post-image wp-image-1110\" title=\"2017\" alt=\"2017\" srcset=\"https:\/\/www.linuslundqvistracing.se\/wp-content\/uploads\/2018\/02\/Lundqvist-Podium-1024x683-300x200.jpg 300w, https:\/\/www.linuslundqvistracing.se\/wp-content\/uploads\/2018\/02\/Lundqvist-Podium-768x512.jpg 768w, https:\/\/www.linuslundqvistracing.se\/wp-content\/uploads\/2018\/02\/Lundqvist-Podium-1024x683.jpg 1024w\" sizes=\"auto, (max-width: 300px) 100vw, 300px\" \/><\/a>\t\t\t<\/dt>\n\t\t\t<dd>\n\t\t\t\t\t\t\t\t\t\t\t<\/dd>\n\t\t<\/dl>\n\t\t\t<dl class=\"gallery-item\">\n\t\t\t<dt class=\"gallery-icon\">\n\t\t\t<a data-title=\"\" title=\"\" href=\"https:\/\/www.linuslundqvistracing.se\/wp-content\/uploads\/2018\/02\/Friday_Rock_020.jpg\" data-rel=\"tb_grwh887\" class=\"themify_lightbox\"><img loading=\"lazy\" decoding=\"async\" src=\"https:\/\/www.linuslundqvistracing.se\/wp-content\/uploads\/2018\/02\/Friday_Rock_020-1024x683-300x200.jpg\" width=\"300\" height=\"200\" class=\"wp-post-image wp-image-1107\" title=\"2017\" alt=\"2017\" srcset=\"https:\/\/www.linuslundqvistracing.se\/wp-content\/uploads\/2018\/02\/Friday_Rock_020-1024x683-300x200.jpg 300w, https:\/\/www.linuslundqvistracing.se\/wp-content\/uploads\/2018\/02\/Friday_Rock_020-768x512.jpg 768w, https:\/\/www.linuslundqvistracing.se\/wp-content\/uploads\/2018\/02\/Friday_Rock_020-1024x683.jpg 1024w\" sizes=\"auto, (max-width: 300px) 100vw, 300px\" \/><\/a>\t\t\t<\/dt>\n\t\t\t<dd>\n\t\t\t\t\t\t\t\t\t\t\t<\/dd>\n\t\t<\/dl>\n\t\t\t<dl class=\"gallery-item\">\n\t\t\t<dt class=\"gallery-icon\">\n\t\t\t<a data-title=\"\" title=\"\" href=\"https:\/\/www.linuslundqvistracing.se\/wp-content\/uploads\/2018\/02\/Linus43.jpg\" data-rel=\"tb_grwh887\" class=\"themify_lightbox\"><img loading=\"lazy\" decoding=\"async\" src=\"https:\/\/www.linuslundqvistracing.se\/wp-content\/uploads\/2018\/02\/Linus43-1024x683-300x200.jpg\" width=\"300\" height=\"200\" class=\"wp-post-image wp-image-1100\" title=\"2017\" alt=\"2017\" srcset=\"https:\/\/www.linuslundqvistracing.se\/wp-content\/uploads\/2018\/02\/Linus43-1024x683-300x200.jpg 300w, https:\/\/www.linuslundqvistracing.se\/wp-content\/uploads\/2018\/02\/Linus43-768x512.jpg 768w, https:\/\/www.linuslundqvistracing.se\/wp-content\/uploads\/2018\/02\/Linus43-1024x683.jpg 1024w\" sizes=\"auto, (max-width: 300px) 100vw, 300px\" \/><\/a>\t\t\t<\/dt>\n\t\t\t<dd>\n\t\t\t\t\t\t\t\t\t\t\t<\/dd>\n\t\t<\/dl>\n\t<\/div>\n<\/div>\n<!-- \/module gallery -->\t\t\t\t<\/div><!-- .tb-column-inner -->\n\t\t\t\t\t\t<\/div><!-- .module_column -->\n\t\t\t\t\t\t<\/div><!-- .row_inner -->\n\t\t<\/div><!-- .module_row -->\n\t\t\t\t<\/div>\n<!--\/themify_builder_content-->","protected":false},"excerpt":{"rendered":"<p>2017F4 British Championship S\u00e4songen 2017 tar Linus det stora steget ut p\u00e5 den internationella scenen. En satsning p\u00e5 det konkurrenskraftiga brittiska Formel 4-m\u00e4sterskapet hamnar p\u00e5 agendan n\u00e4r Linus signerar ett kontrakt med v\u00e4letablerade Double R Racing &#8211; och det dr\u00f6jer inte l\u00e4nge f\u00f6rr\u00e4n potentialen i samarbetet blir tydlig att se. En lovande f\u00f6rs\u00e4song indikerar bra [&hellip;]<\/p>\n","protected":false},"author":1,"featured_media":0,"parent":0,"menu_order":0,"comment_status":"closed","ping_status":"closed","template":"","meta":{"_monsterinsights_skip_tracking":false,"_monsterinsights_sitenote_active":false,"_monsterinsights_sitenote_note":"","_monsterinsights_sitenote_category":0,"footnotes":"","_links_to":"","_links_to_target":""},"class_list":["post-1048","page","type-page","status-publish","hentry","has-post-title","has-post-date","has-post-category","has-post-tag","has-post-comment","has-post-author",""],"aioseo_notices":[],"builder_content":"<h1>2017<br\/>F4 British Championship<\/h1>\n<ul><li><h4><\/h4><p>S\u00e4songen 2017 tar Linus det stora steget ut p\u00e5 den internationella scenen. En satsning p\u00e5 det konkurrenskraftiga brittiska Formel 4-m\u00e4sterskapet hamnar p\u00e5 agendan n\u00e4r Linus signerar ett kontrakt med v\u00e4letablerade Double R Racing - och det dr\u00f6jer inte l\u00e4nge f\u00f6rr\u00e4n potentialen i samarbetet blir tydlig att se.<\/p> <p><img src=\"https:\/\/www.linuslundqvistracing.se\/wp-content\/uploads\/2018\/02\/2000-2-300x138.jpg\" alt=\"\" width=\"450\" height=\"207\">En lovande f\u00f6rs\u00e4song indikerar bra fart, och n\u00e4r Linus sedan toppar den fria tr\u00e4ningen vid premi\u00e4ren p\u00e5 Brands Hatch bekr\u00e4ftas den positiva k\u00e4nslan. Dessv\u00e4rre f\u00f6rbyts det hela snabbt mot totalt m\u00f6rker; Linus tvingas under frustrerande former att bryta samtliga tre premi\u00e4rheat med motorproblem. En mardr\u00f6msstart, noll po\u00e4ng p\u00e5 kontot och uppf\u00f6rsbacke inf\u00f6r resten av s\u00e4songen - men det \u00e4r som bekant i motvind en drake lyfter...<\/p> <p>Linus sl\u00e5r omedelbart tillbaka. F\u00f6rsta internationella segern kommer vid n\u00e4sta delt\u00e4vling p\u00e5 Donington Park, om \u00e4n \u00f6verskuggad av den v\u00e5ldsamma Billy Monger-kraschen som kom att engagera hela racingv\u00e4rlden.<\/p> <p>Med vind i seglen radar Linus upp ytterligare segrar p\u00e5 Croft, Rockingham och i finalen p\u00e5 Brands Hatch. Fler tekniska problem under resans g\u00e5ng inneb\u00e4r att han till slut f\u00e5r n\u00f6ja sig med femte plats i f\u00f6rarsammandraget, men budskapet har g\u00e5tt fram: flest snabbaste varv av samtliga, och fler pole positions \u00e4n m\u00e4staren Jamie Caroline, signalerar att klivet ut i v\u00e4rlden inte p\u00e5 n\u00e5got s\u00e4tt har varit f\u00f6r stort.\u00a0<\/p> <p>Under \u00e5ret f\u00e5r Linus ocks\u00e5 m\u00f6jlighet att debutera i Formel 3-sammanhang vid ett inhopp i det brittiska m\u00e4sterskapet p\u00e5, ironiskt nog, belgiska Spa-Francorchamps. Mot slutet av helgen \u00e4r Linus bara n\u00e5gra tiondelar efter de allra snabbaste runt en av v\u00e4rldens sv\u00e5raste banor; en f\u00f6rsmak inf\u00f6r 2018, n\u00e4r F3-\u00e4ventyret inleds p\u00e5 allvar och med full kraft.<\/p><\/li><li><h4>Resultat<\/h4><p><img src=\"https:\/\/www.linuslundqvistracing.se\/wp-content\/uploads\/2018\/02\/Linus39-1024x683.jpg\" alt=\"\" width=\"700\" height=\"467\"><strong>Rd. 1<\/strong> Brands Hatch<br>DNF \/ DNF \/ DNF<\/p> <p><strong>Rd. 2<\/strong> Donington Park<br>2 \/ DNF \/\u00a0<strong>1<\/strong><\/p> <p><strong>Rd. 3<\/strong> Thruxton<br>5 \/ 2 \/ 4<\/p> <p><strong>Rd. 4<\/strong> Oulton Park<br>3 \/ 5 \/ *<\/p> <p><strong>Rd. 5<\/strong> Croft<br><strong>1\u00a0<\/strong>\/ 4 \/\u00a0<strong>1<\/strong><\/p> <p><strong>Rd. 6<\/strong> Snetterton<br>3 \/ 5 \/ 3<\/p> <p><strong>Rd. 7<\/strong> Knockhill<br>8 \/ DNF \/ DNF \/ 6*<\/p> <p><strong>Rd. 8<\/strong> Rockingham<br><strong>1 <\/strong>\/ DNF \/ 5<\/p> <p><strong>Rd. 9<\/strong> Silverstone<br>6 \/ 9 \/ 5<\/p> <p><strong>Rd. 10<\/strong> Brands Hatch<br><strong>1\u00a0<\/strong>\/ 8 \/ 2<\/p> <p>* Ett av racen p\u00e5 Oulton Park st\u00e4lldes in p\u00e5 grund av tidsbrist, och k\u00f6rdes ist\u00e4llet senare i form av ett fj\u00e4rde heat p\u00e5 Knockhill.<\/p> <p><strong>BRDC British F3 Championship<\/strong><\/p> <p><strong>Inhopp<\/strong>, Spa (Belgien)<br>16 \/ 9 \/ 7<\/p><\/li><li><h4>Tabell<\/h4><p>1: Jamie Caroline (GBR\/Carlin), 442 p.<br>2: Oscar Piastri (AUS\/Arden), 376.5 p.<br>3: Logan Sargeant (USA\/Carlin), 356 p.<br>4: Alex Quinn (GBR\/Arden), 307 p.<br><strong>5: Linus Lundqvist (SWE\/Double R Racing), 306.5 p.<\/strong><br>6: Oliver York (GBR\/Fortec), 274.5 p.<br>7: Ayrton Simmons (GBR\/Arden), 257.5 p.<br>8: Patrik Pasma (FIN\/Carlin), 167.5 p.<br>9: Karl Massaad (LEB\/Double R Racing), 83 p.\u00a0<br>10: Hampus Ericsson (SWE\/Fortec), 69 p.<\/p> <p><em>(topp tio)<\/em><\/p><\/li><li><h4><\/h4><p>Antal race (F4): <strong>30<\/strong><br>Segrar: <strong>5<\/strong><br>Pallplatser: <strong>11<\/strong><br>Pole positions: <strong>5<\/strong><br>Snabbaste varv: <strong>9<\/strong><br>M\u00e4sterskapsplacering: <strong>5:a<\/strong><br><strong>\u00d6vrigt:<\/strong> b\u00e4ste Double R Racing-f\u00f6rare<\/p><\/li><\/ul>\n[gallery _orderbyfield=\"rand\" _orderByField=\"rand\" orderby=\"rand\" ids=\"1099,1100,1105,1107,1109,1110,1111,1113,1115,1118,1119,1128\"]","_links":{"self":[{"href":"https:\/\/www.linuslundqvistracing.se\/sv\/wp-json\/wp\/v2\/pages\/1048","targetHints":{"allow":["GET"]}}],"collection":[{"href":"https:\/\/www.linuslundqvistracing.se\/sv\/wp-json\/wp\/v2\/pages"}],"about":[{"href":"https:\/\/www.linuslundqvistracing.se\/sv\/wp-json\/wp\/v2\/types\/page"}],"author":[{"embeddable":true,"href":"https:\/\/www.linuslundqvistracing.se\/sv\/wp-json\/wp\/v2\/users\/1"}],"replies":[{"embeddable":true,"href":"https:\/\/www.linuslundqvistracing.se\/sv\/wp-json\/wp\/v2\/comments?post=1048"}],"version-history":[{"count":70,"href":"https:\/\/www.linuslundqvistracing.se\/sv\/wp-json\/wp\/v2\/pages\/1048\/revisions"}],"predecessor-version":[{"id":10736,"href":"https:\/\/www.linuslundqvistracing.se\/sv\/wp-json\/wp\/v2\/pages\/1048\/revisions\/10736"}],"wp:attachment":[{"href":"https:\/\/www.linuslundqvistracing.se\/sv\/wp-json\/wp\/v2\/media?parent=1048"}],"curies":[{"name":"wp","href":"https:\/\/api.w.org\/{rel}","templated":true}]}}